{"id":59,"date":"2024-10-28T23:27:56","date_gmt":"2024-10-28T23:27:56","guid":{"rendered":"https:\/\/fareled.mori-mana.com\/index.php\/panier\/"},"modified":"2025-03-03T09:15:02","modified_gmt":"2025-03-03T19:15:02","slug":"panier","status":"publish","type":"page","link":"https:\/\/www.fareled.com\/index.php\/panier\/","title":{"rendered":"Panier"},"content":{"rendered":"\n<div data-block-name=\"woocommerce\/cart\" class=\"wp-block-woocommerce-cart alignwide is-loading\">\n<div data-block-name=\"woocommerce\/filled-cart-block\" class=\"wp-block-woocommerce-filled-cart-block\">\n<div data-block-name=\"woocommerce\/cart-items-block\" class=\"wp-block-woocommerce-cart-items-block\">\n<div data-block-name=\"woocommerce\/cart-line-items-block\" class=\"wp-block-woocommerce-cart-line-items-block\"><\/div>\n\n\n\n<div data-block-name=\"woocommerce\/cart-cross-sells-block\" class=\"wp-block-woocommerce-cart-cross-sells-block\">\n<h2 class=\"wp-block-heading has-large-font-size\">\u00c7a peut vous int\u00e9resser&#8230;<\/h2>\n\n\n\n<div data-block-name=\"woocommerce\/cart-cross-sells-products-block\" class=\"wp-block-woocommerce-cart-cross-sells-products-block\"><\/div>\n<\/div>\n<\/div>\n\n\n\n<div data-block-name=\"woocommerce\/cart-totals-block\" class=\"wp-block-woocommerce-cart-totals-block\">\n<div data-block-name=\"woocommerce\/cart-order-summary-block\" class=\"wp-block-woocommerce-cart-order-summary-block\">\n<div data-block-name=\"woocommerce\/cart-order-summary-heading-block\" class=\"wp-block-woocommerce-cart-order-summary-heading-block\"><\/div><div data-block-name=\"woocommerce\/cart-order-summary-coupon-form-block\" class=\"wp-block-woocommerce-cart-order-summary-coupon-form-block\"><\/div><div data-block-name=\"woocommerce\/cart-order-summary-totals-block\" class=\"wp-block-woocommerce-cart-order-summary-totals-block\">\n<div data-block-name=\"woocommerce\/cart-order-summary-subtotal-block\" class=\"wp-block-woocommerce-cart-order-summary-subtotal-block\"><\/div>\n<div data-block-name=\"woocommerce\/cart-order-summary-discount-block\" class=\"wp-block-woocommerce-cart-order-summary-discount-block\"><\/div>\n<div data-block-name=\"woocommerce\/cart-order-summary-fee-block\" class=\"wp-block-woocommerce-cart-order-summary-fee-block\"><\/div>\n<div data-block-name=\"woocommerce\/cart-order-summary-shipping-block\" class=\"wp-block-woocommerce-cart-order-summary-shipping-block\"><\/div>\n<div data-block-name=\"woocommerce\/cart-order-summary-taxes-block\" class=\"wp-block-woocommerce-cart-order-summary-taxes-block\"><\/div><\/div>\n<\/div>\n\n\n\n<div data-block-name=\"woocommerce\/cart-express-payment-block\" class=\"wp-block-woocommerce-cart-express-payment-block\"><\/div>\n\n\n\n<div data-block-name=\"woocommerce\/proceed-to-checkout-block\" class=\"wp-block-woocommerce-proceed-to-checkout-block\"><\/div>\n\n\n\n<div data-block-name=\"woocommerce\/cart-accepted-payment-methods-block\" class=\"wp-block-woocommerce-cart-accepted-payment-methods-block\"><\/div>\n<\/div>\n<\/div>\n\n\n\n<div data-block-name=\"woocommerce\/empty-cart-block\" class=\"wp-block-woocommerce-empty-cart-block\">\n<h2 class=\"wp-block-heading has-text-align-center with-empty-cart-icon wc-block-cart__empty-cart__title\">Votre panier est actuellement vide\u00a0!<\/h2>\n\n\n\n<hr class=\"wp-block-separator has-alpha-channel-opacity is-style-dots\"\/>\n\n\n\n<h2 class=\"wp-block-heading has-text-align-center\">Nouveau dans la boutique<\/h2>\n\n\n<div data-block-name=\"woocommerce\/product-new\" data-columns=\"4\" data-rows=\"1\" class=\"wc-block-grid wp-block-product-new wp-block-woocommerce-product-new wc-block-product-new has-4-columns\"><ul class=\"wc-block-grid__products\"><li class=\"wc-block-grid__product\">\n\t\t\t\t<a href=\"https:\/\/www.fareled.com\/index.php\/produit\/dalle-led-backlit-60x60-6en1-puissance-couleur-reglable-25-30-40w-3000-4500-6000k\/\" class=\"wc-block-grid__product-link\">\n\t\t\t\t\t\n\t\t\t\t\t<div class=\"wc-block-grid__product-image\"><img fetchpriority=\"high\" decoding=\"async\" width=\"300\" height=\"300\" src=\"https:\/\/www.fareled.com\/wp-content\/uploads\/2025\/04\/backlit-1-300x300.jpg\" class=\"attachment-woocommerce_thumbnail size-woocommerce_thumbnail\" alt=\"Dalle LED Backlit 60x60 6en1 \u2013 Puissance\/Couleur R\u00e9glable : 25\/30\/40W - 3000\/4500\/6000K\" srcset=\"https:\/\/www.fareled.com\/wp-content\/uploads\/2025\/04\/backlit-1-300x300.jpg 300w, https:\/\/www.fareled.com\/wp-content\/uploads\/2025\/04\/backlit-1-150x150.jpg 150w, https:\/\/www.fareled.com\/wp-content\/uploads\/2025\/04\/backlit-1-100x100.jpg 100w\" sizes=\"(max-width: 300px) 100vw, 300px\" \/><\/div>\n\t\t\t\t\t<div class=\"wc-block-grid__product-title\">Dalle LED Backlit 60&#215;60 6en1 \u2013 Puissance\/Couleur R\u00e9glable : 25\/30\/40W &#8211; 3000\/4500\/6000K<\/div>\n\t\t\t\t<\/a>\n\t\t\t\t<div class=\"wc-block-grid__product-price price\"><span class=\"woocommerce-Price-amount amount\">5 990&nbsp;<span class=\"woocommerce-Price-currencySymbol\">XPF<\/span><\/span><\/div>\n\t\t\t\t\n\t\t\t\t<div class=\"wp-block-button wc-block-grid__product-add-to-cart\"><a href=\"\/index.php\/wp-json\/wp\/v2\/pages\/59?add-to-cart=8357\" aria-label=\"Ajouter au panier\u00a0: &ldquo;Dalle LED Backlit 60x60 6en1 \u2013 Puissance\/Couleur R\u00e9glable : 25\/30\/40W - 3000\/4500\/6000K&rdquo;\" data-quantity=\"1\" data-product_id=\"8357\" data-product_sku=\"01704034\" data-price=\"5990\" rel=\"nofollow\" class=\"wp-block-button__link  add_to_cart_button ajax_add_to_cart\">Ajouter au panier<\/a><\/div>\n\t\t\t<\/li><li class=\"wc-block-grid__product\">\n\t\t\t\t<a href=\"https:\/\/www.fareled.com\/index.php\/produit\/dalle-led-backlit-60x60-5000k-puissance-reglable-18-25w\/\" class=\"wc-block-grid__product-link\">\n\t\t\t\t\t\n\t\t\t\t\t<div class=\"wc-block-grid__product-image\"><img decoding=\"async\" width=\"300\" height=\"300\" src=\"https:\/\/www.fareled.com\/wp-content\/uploads\/2025\/04\/backlit-1-300x300.jpg\" class=\"attachment-woocommerce_thumbnail size-woocommerce_thumbnail\" alt=\"Dalle LED Backlit 60x60 - 5000K \u2013 Puissance R\u00e9glable : 18\/25W\" srcset=\"https:\/\/www.fareled.com\/wp-content\/uploads\/2025\/04\/backlit-1-300x300.jpg 300w, https:\/\/www.fareled.com\/wp-content\/uploads\/2025\/04\/backlit-1-150x150.jpg 150w, https:\/\/www.fareled.com\/wp-content\/uploads\/2025\/04\/backlit-1-100x100.jpg 100w\" sizes=\"(max-width: 300px) 100vw, 300px\" \/><\/div>\n\t\t\t\t\t<div class=\"wc-block-grid__product-title\">Dalle LED Backlit 60&#215;60 &#8211; 5000K \u2013 Puissance R\u00e9glable : 18\/25W<\/div>\n\t\t\t\t<\/a>\n\t\t\t\t<div class=\"wc-block-grid__product-price price\"><span class=\"woocommerce-Price-amount amount\">6 990&nbsp;<span class=\"woocommerce-Price-currencySymbol\">XPF<\/span><\/span><\/div>\n\t\t\t\t\n\t\t\t\t<div class=\"wp-block-button wc-block-grid__product-add-to-cart\"><a href=\"\/index.php\/wp-json\/wp\/v2\/pages\/59?add-to-cart=8354\" aria-label=\"Ajouter au panier\u00a0: &ldquo;Dalle LED Backlit 60x60 - 5000K \u2013 Puissance R\u00e9glable : 18\/25W&rdquo;\" data-quantity=\"1\" data-product_id=\"8354\" data-product_sku=\"01708028\" data-price=\"6990\" rel=\"nofollow\" class=\"wp-block-button__link  add_to_cart_button ajax_add_to_cart\">Ajouter au panier<\/a><\/div>\n\t\t\t<\/li><li class=\"wc-block-grid__product\">\n\t\t\t\t<a href=\"https:\/\/www.fareled.com\/index.php\/produit\/dalle-led-backlit-60x60-puissance-et-temperature-reglables-18-25w-4000-6000k\/\" class=\"wc-block-grid__product-link\">\n\t\t\t\t\t\n\t\t\t\t\t<div class=\"wc-block-grid__product-image\"><img decoding=\"async\" width=\"300\" height=\"300\" src=\"https:\/\/www.fareled.com\/wp-content\/uploads\/2025\/04\/backlit-1-300x300.jpg\" class=\"attachment-woocommerce_thumbnail size-woocommerce_thumbnail\" alt=\"Dalle LED Backlit 60x60 \u2013 Puissance et Temp\u00e9rature R\u00e9glables : 18\/25W - 4000\/6000K\" srcset=\"https:\/\/www.fareled.com\/wp-content\/uploads\/2025\/04\/backlit-1-300x300.jpg 300w, https:\/\/www.fareled.com\/wp-content\/uploads\/2025\/04\/backlit-1-150x150.jpg 150w, https:\/\/www.fareled.com\/wp-content\/uploads\/2025\/04\/backlit-1-100x100.jpg 100w\" sizes=\"(max-width: 300px) 100vw, 300px\" \/><\/div>\n\t\t\t\t\t<div class=\"wc-block-grid__product-title\">Dalle LED Backlit 60&#215;60 \u2013 Puissance et Temp\u00e9rature R\u00e9glables : 18\/25W &#8211; 4000\/6000K<\/div>\n\t\t\t\t<\/a>\n\t\t\t\t<div class=\"wc-block-grid__product-price price\"><span class=\"woocommerce-Price-amount amount\">7 990&nbsp;<span class=\"woocommerce-Price-currencySymbol\">XPF<\/span><\/span><\/div>\n\t\t\t\t\n\t\t\t\t<div class=\"wp-block-button wc-block-grid__product-add-to-cart\"><a href=\"\/index.php\/wp-json\/wp\/v2\/pages\/59?add-to-cart=8350\" aria-label=\"Ajouter au panier\u00a0: &ldquo;Dalle LED Backlit 60x60 \u2013 Puissance et Temp\u00e9rature R\u00e9glables : 18\/25W - 4000\/6000K&rdquo;\" data-quantity=\"1\" data-product_id=\"8350\" data-product_sku=\"01708019\" data-price=\"7990\" rel=\"nofollow\" class=\"wp-block-button__link  add_to_cart_button ajax_add_to_cart\">Ajouter au panier<\/a><\/div>\n\t\t\t<\/li><li class=\"wc-block-grid__product\">\n\t\t\t\t<a href=\"https:\/\/www.fareled.com\/index.php\/produit\/dalle-6060-30w-140lm-w-transfo-externe\/\" class=\"wc-block-grid__product-link\">\n\t\t\t\t\t\n\t\t\t\t\t<div class=\"wc-block-grid__product-image\"><img loading=\"lazy\" decoding=\"async\" width=\"300\" height=\"300\" src=\"https:\/\/www.fareled.com\/wp-content\/uploads\/2025\/04\/backlit-1-300x300.jpg\" class=\"attachment-woocommerce_thumbnail size-woocommerce_thumbnail\" alt=\"DALLE 60*60 - 30W - 140LM\/W (transfo externe)\" srcset=\"https:\/\/www.fareled.com\/wp-content\/uploads\/2025\/04\/backlit-1-300x300.jpg 300w, https:\/\/www.fareled.com\/wp-content\/uploads\/2025\/04\/backlit-1-150x150.jpg 150w, https:\/\/www.fareled.com\/wp-content\/uploads\/2025\/04\/backlit-1-100x100.jpg 100w\" sizes=\"(max-width: 300px) 100vw, 300px\" \/><\/div>\n\t\t\t\t\t<div class=\"wc-block-grid__product-title\">DALLE 60*60 &#8211; 30W &#8211; 140LM\/W (transfo externe)<\/div>\n\t\t\t\t<\/a>\n\t\t\t\t<div class=\"wc-block-grid__product-price price\"><span class=\"woocommerce-Price-amount amount\">4 990&nbsp;<span class=\"woocommerce-Price-currencySymbol\">XPF<\/span><\/span><\/div>\n\t\t\t\t\n\t\t\t\t<div class=\"wp-block-button wc-block-grid__product-add-to-cart\"><a href=\"https:\/\/www.fareled.com\/index.php\/produit\/dalle-6060-30w-140lm-w-transfo-externe\/\" aria-label=\"S\u00e9lectionner les options pour &ldquo;DALLE 60*60 - 30W - 140LM\/W (transfo externe)&rdquo;\" data-quantity=\"1\" data-product_id=\"8346\" data-product_sku=\"\" data-price=\"4990\" rel=\"nofollow\" class=\"wp-block-button__link  add_to_cart_button\">Choix des options<\/a><\/div>\n\t\t\t<\/li><\/ul><\/div><\/div>\n<\/div>\n","protected":false},"excerpt":{"rendered":"","protected":false},"author":1,"featured_media":0,"parent":0,"menu_order":0,"comment_status":"closed","ping_status":"closed","template":"","meta":{"_eb_attr":"","ocean_post_layout":"","ocean_both_sidebars_style":"","ocean_both_sidebars_content_width":0,"ocean_both_sidebars_sidebars_width":0,"ocean_sidebar":"","ocean_second_sidebar":"","ocean_disable_margins":"enable","ocean_add_body_class":"","ocean_shortcode_before_top_bar":"","ocean_shortcode_after_top_bar":"","ocean_shortcode_before_header":"","ocean_shortcode_after_header":"","ocean_has_shortcode":"","ocean_shortcode_after_title":"","ocean_shortcode_before_footer_widgets":"","ocean_shortcode_after_footer_widgets":"","ocean_shortcode_before_footer_bottom":"","ocean_shortcode_after_footer_bottom":"","ocean_display_top_bar":"default","ocean_display_header":"default","ocean_header_style":"","ocean_center_header_left_menu":"","ocean_custom_header_template":"","ocean_custom_logo":0,"ocean_custom_retina_logo":0,"ocean_custom_logo_max_width":0,"ocean_custom_logo_tablet_max_width":0,"ocean_custom_logo_mobile_max_width":0,"ocean_custom_logo_max_height":0,"ocean_custom_logo_tablet_max_height":0,"ocean_custom_logo_mobile_max_height":0,"ocean_header_custom_menu":"","ocean_menu_typo_font_family":"","ocean_menu_typo_font_subset":"","ocean_menu_typo_font_size":0,"ocean_menu_typo_font_size_tablet":0,"ocean_menu_typo_font_size_mobile":0,"ocean_menu_typo_font_size_unit":"px","ocean_menu_typo_font_weight":"","ocean_menu_typo_font_weight_tablet":"","ocean_menu_typo_font_weight_mobile":"","ocean_menu_typo_transform":"","ocean_menu_typo_transform_tablet":"","ocean_menu_typo_transform_mobile":"","ocean_menu_typo_line_height":0,"ocean_menu_typo_line_height_tablet":0,"ocean_menu_typo_line_height_mobile":0,"ocean_menu_typo_line_height_unit":"","ocean_menu_typo_spacing":0,"ocean_menu_typo_spacing_tablet":0,"ocean_menu_typo_spacing_mobile":0,"ocean_menu_typo_spacing_unit":"","ocean_menu_link_color":"","ocean_menu_link_color_hover":"","ocean_menu_link_color_active":"","ocean_menu_link_background":"","ocean_menu_link_hover_background":"","ocean_menu_link_active_background":"","ocean_menu_social_links_bg":"","ocean_menu_social_hover_links_bg":"","ocean_menu_social_links_color":"","ocean_menu_social_hover_links_color":"","ocean_disable_title":"default","ocean_disable_heading":"default","ocean_post_title":"","ocean_post_subheading":"","ocean_post_title_style":"","ocean_post_title_background_color":"","ocean_post_title_background":0,"ocean_post_title_bg_image_position":"","ocean_post_title_bg_image_attachment":"","ocean_post_title_bg_image_repeat":"","ocean_post_title_bg_image_size":"","ocean_post_title_height":0,"ocean_post_title_bg_overlay":0.5,"ocean_post_title_bg_overlay_color":"","ocean_disable_breadcrumbs":"default","ocean_breadcrumbs_color":"","ocean_breadcrumbs_separator_color":"","ocean_breadcrumbs_links_color":"","ocean_breadcrumbs_links_hover_color":"","ocean_display_footer_widgets":"default","ocean_display_footer_bottom":"default","ocean_custom_footer_template":"","footnotes":""},"class_list":["post-59","page","type-page","status-publish","hentry","entry","owp-thumbs-layout-horizontal","owp-btn-big","owp-tabs-layout-horizontal","has-no-thumbnails"],"yoast_head":"<!-- This site is optimized with the Yoast SEO plugin v27.2 - https:\/\/yoast.com\/product\/yoast-seo-wordpress\/ -->\n<title>Panier - FARE LED<\/title>\n<meta name=\"robots\" content=\"index, follow, max-snippet:-1, max-image-preview:large, max-video-preview:-1\" \/>\n<link rel=\"canonical\" href=\"https:\/\/www.fareled.com\/index.php\/panier\/\" \/>\n<meta property=\"og:locale\" content=\"fr_FR\" \/>\n<meta property=\"og:type\" content=\"article\" \/>\n<meta property=\"og:title\" content=\"Panier - FARE LED\" \/>\n<meta property=\"og:url\" content=\"https:\/\/www.fareled.com\/index.php\/panier\/\" \/>\n<meta property=\"og:site_name\" content=\"FARE LED\" \/>\n<meta property=\"article:publisher\" content=\"https:\/\/www.facebook.com\/fareledtahiti\" \/>\n<meta property=\"article:modified_time\" content=\"2025-03-03T19:15:02+00:00\" \/>\n<meta name=\"twitter:card\" content=\"summary_large_image\" \/>\n<script type=\"application\/ld+json\" class=\"yoast-schema-graph\">{\"@context\":\"https:\/\/schema.org\",\"@graph\":[{\"@type\":\"WebPage\",\"@id\":\"https:\/\/www.fareled.com\/index.php\/panier\/\",\"url\":\"https:\/\/www.fareled.com\/index.php\/panier\/\",\"name\":\"Panier - FARE LED\",\"isPartOf\":{\"@id\":\"https:\/\/www.fareled.com\/#website\"},\"datePublished\":\"2024-10-28T23:27:56+00:00\",\"dateModified\":\"2025-03-03T19:15:02+00:00\",\"breadcrumb\":{\"@id\":\"https:\/\/www.fareled.com\/index.php\/panier\/#breadcrumb\"},\"inLanguage\":\"fr-FR\",\"potentialAction\":[{\"@type\":\"ReadAction\",\"target\":[\"https:\/\/www.fareled.com\/index.php\/panier\/\"]}]},{\"@type\":\"BreadcrumbList\",\"@id\":\"https:\/\/www.fareled.com\/index.php\/panier\/#breadcrumb\",\"itemListElement\":[{\"@type\":\"ListItem\",\"position\":1,\"name\":\"Accueil\",\"item\":\"https:\/\/www.fareled.com\/\"},{\"@type\":\"ListItem\",\"position\":2,\"name\":\"Panier\"}]},{\"@type\":\"WebSite\",\"@id\":\"https:\/\/www.fareled.com\/#website\",\"url\":\"https:\/\/www.fareled.com\/\",\"name\":\"FARE LED\",\"description\":\"Sp\u00e9cialiste de l&#039;\u00e9clairage LED en Polyn\u00e9sie fran\u00e7aise\",\"publisher\":{\"@id\":\"https:\/\/www.fareled.com\/#organization\"},\"potentialAction\":[{\"@type\":\"SearchAction\",\"target\":{\"@type\":\"EntryPoint\",\"urlTemplate\":\"https:\/\/www.fareled.com\/?s={search_term_string}\"},\"query-input\":{\"@type\":\"PropertyValueSpecification\",\"valueRequired\":true,\"valueName\":\"search_term_string\"}}],\"inLanguage\":\"fr-FR\"},{\"@type\":\"Organization\",\"@id\":\"https:\/\/www.fareled.com\/#organization\",\"name\":\"FARE LED\",\"url\":\"https:\/\/www.fareled.com\/\",\"logo\":{\"@type\":\"ImageObject\",\"inLanguage\":\"fr-FR\",\"@id\":\"https:\/\/www.fareled.com\/#\/schema\/logo\/image\/\",\"url\":\"https:\/\/fareled.mori-mana.com\/wp-content\/uploads\/2024\/10\/cropped-FareLED-Logo105-29-13-25-40.png\",\"contentUrl\":\"https:\/\/fareled.mori-mana.com\/wp-content\/uploads\/2024\/10\/cropped-FareLED-Logo105-29-13-25-40.png\",\"width\":512,\"height\":512,\"caption\":\"FARE LED\"},\"image\":{\"@id\":\"https:\/\/www.fareled.com\/#\/schema\/logo\/image\/\"},\"sameAs\":[\"https:\/\/www.facebook.com\/fareledtahiti\"]}]}<\/script>\n<!-- \/ Yoast SEO plugin. -->","yoast_head_json":{"title":"Panier - FARE LED","robots":{"index":"index","follow":"follow","max-snippet":"max-snippet:-1","max-image-preview":"max-image-preview:large","max-video-preview":"max-video-preview:-1"},"canonical":"https:\/\/www.fareled.com\/index.php\/panier\/","og_locale":"fr_FR","og_type":"article","og_title":"Panier - FARE LED","og_url":"https:\/\/www.fareled.com\/index.php\/panier\/","og_site_name":"FARE LED","article_publisher":"https:\/\/www.facebook.com\/fareledtahiti","article_modified_time":"2025-03-03T19:15:02+00:00","twitter_card":"summary_large_image","schema":{"@context":"https:\/\/schema.org","@graph":[{"@type":"WebPage","@id":"https:\/\/www.fareled.com\/index.php\/panier\/","url":"https:\/\/www.fareled.com\/index.php\/panier\/","name":"Panier - FARE LED","isPartOf":{"@id":"https:\/\/www.fareled.com\/#website"},"datePublished":"2024-10-28T23:27:56+00:00","dateModified":"2025-03-03T19:15:02+00:00","breadcrumb":{"@id":"https:\/\/www.fareled.com\/index.php\/panier\/#breadcrumb"},"inLanguage":"fr-FR","potentialAction":[{"@type":"ReadAction","target":["https:\/\/www.fareled.com\/index.php\/panier\/"]}]},{"@type":"BreadcrumbList","@id":"https:\/\/www.fareled.com\/index.php\/panier\/#breadcrumb","itemListElement":[{"@type":"ListItem","position":1,"name":"Accueil","item":"https:\/\/www.fareled.com\/"},{"@type":"ListItem","position":2,"name":"Panier"}]},{"@type":"WebSite","@id":"https:\/\/www.fareled.com\/#website","url":"https:\/\/www.fareled.com\/","name":"FARE LED","description":"Sp\u00e9cialiste de l&#039;\u00e9clairage LED en Polyn\u00e9sie fran\u00e7aise","publisher":{"@id":"https:\/\/www.fareled.com\/#organization"},"potentialAction":[{"@type":"SearchAction","target":{"@type":"EntryPoint","urlTemplate":"https:\/\/www.fareled.com\/?s={search_term_string}"},"query-input":{"@type":"PropertyValueSpecification","valueRequired":true,"valueName":"search_term_string"}}],"inLanguage":"fr-FR"},{"@type":"Organization","@id":"https:\/\/www.fareled.com\/#organization","name":"FARE LED","url":"https:\/\/www.fareled.com\/","logo":{"@type":"ImageObject","inLanguage":"fr-FR","@id":"https:\/\/www.fareled.com\/#\/schema\/logo\/image\/","url":"https:\/\/fareled.mori-mana.com\/wp-content\/uploads\/2024\/10\/cropped-FareLED-Logo105-29-13-25-40.png","contentUrl":"https:\/\/fareled.mori-mana.com\/wp-content\/uploads\/2024\/10\/cropped-FareLED-Logo105-29-13-25-40.png","width":512,"height":512,"caption":"FARE LED"},"image":{"@id":"https:\/\/www.fareled.com\/#\/schema\/logo\/image\/"},"sameAs":["https:\/\/www.facebook.com\/fareledtahiti"]}]}},"jetpack_sharing_enabled":true,"_links":{"self":[{"href":"https:\/\/www.fareled.com\/index.php\/wp-json\/wp\/v2\/pages\/59","targetHints":{"allow":["GET"]}}],"collection":[{"href":"https:\/\/www.fareled.com\/index.php\/wp-json\/wp\/v2\/pages"}],"about":[{"href":"https:\/\/www.fareled.com\/index.php\/wp-json\/wp\/v2\/types\/page"}],"author":[{"embeddable":true,"href":"https:\/\/www.fareled.com\/index.php\/wp-json\/wp\/v2\/users\/1"}],"replies":[{"embeddable":true,"href":"https:\/\/www.fareled.com\/index.php\/wp-json\/wp\/v2\/comments?post=59"}],"version-history":[{"count":1,"href":"https:\/\/www.fareled.com\/index.php\/wp-json\/wp\/v2\/pages\/59\/revisions"}],"predecessor-version":[{"id":63,"href":"https:\/\/www.fareled.com\/index.php\/wp-json\/wp\/v2\/pages\/59\/revisions\/63"}],"wp:attachment":[{"href":"https:\/\/www.fareled.com\/index.php\/wp-json\/wp\/v2\/media?parent=59"}],"curies":[{"name":"wp","href":"https:\/\/api.w.org\/{rel}","templated":true}]}}