{"id":3583,"date":"2025-01-15T17:43:52","date_gmt":"2025-01-15T17:43:52","guid":{"rendered":"https:\/\/fareled.mori-mana.com\/index.php\/produit\/lampadaire-solaire\/"},"modified":"2025-02-14T07:34:49","modified_gmt":"2025-02-14T17:34:49","slug":"lampadaire-solaire","status":"publish","type":"product","link":"https:\/\/www.fareled.com\/index.php\/produit\/lampadaire-solaire\/","title":{"rendered":"Lampadaire Solaire"},"content":{"rendered":"<p><strong><span style=\"color: #cb2026;\">NOUS CONSULTER POUR TARIFS ET DISPONIBILITES<\/span><\/strong><\/p>\n<p>&nbsp;<\/p>\n<p><u>Solar Module<\/u> :<\/p>\n<p>Type : High-efficiency Monocrystalline Silicon<\/p>\n<p>Power : 60W\/DC18V<br \/>\nLifetime : 20-25 years<br \/>\nAdjustable angle : 360\u00b0 on the orizontal direction, 18\u00b0 on the vertical direction<br \/>\n<u>Solar charge controller<\/u> :<br \/>\nType : MPPT (Maximum Power Point Tracking) infrared solar charging controller<br \/>\n<u>Lithium-iron Battery<\/u> :<br \/>\nType : LiFePO4 (\u00a0lithieum-iron ferrous phosphate)<br \/>\nCapacity : 192WH \/ DC12.8V, 15AH<br \/>\nLifespan : 8 years<br \/>\n<u>LED Light<\/u> :<br \/>\nLED Light : Bridge lux 5050 Led chip or Cree 3030 Led Chip<br \/>\nLamp Rated Total Luminous Flux : 4000lm<br \/>\nLuminous Efficacy : 190-200lm\/w<br \/>\nBeam Angle : 150 x 70 for road lighting (default), 150 x 80 for area lighting (optional)<br \/>\nCCT : 5000K<br \/>\nCRI &gt;75<br \/>\nLight control Voltage : DC5V<br \/>\nLifetime : &lt;50000 hours<br \/>\nLight Distribution : Bat Wing<br \/>\n<u>Detector (Motion sensor)<\/u> :<br \/>\nSensor Type : Microwave Detection (By Radar)<br \/>\nDetection distance : 10-15m<br \/>\nDelay time : 10 seconds (optional)<br \/>\n<u>Charging Time<\/u> :<br \/>\nBy Sunshine : 5-7 hours<br \/>\n<u>Lighting Time<\/u> :<br \/>\nFull Power : &lt;12 hours<br \/>\nSaving Mode : Continuously 5-5 rainy days, 12 hours per night<br \/>\n<u>Working Modes<\/u> :<br \/>\nLight control :\u00a02hrs-100%,2hrs-70%,8hrs-20%<br \/>\nTiming control : 1hrs-50%,4hrs-100%,3hr-50%,4hr-25%<br \/>\nSupper Brightness :\u00a06hrs-100%,6hrs-50%<br \/>\nMicrowave control :\u00a0100% when detect any movement,30% no movement<br \/>\nTiming+Microwave control :\u00a0\u00a02hrs-100%, 2hrs-70%,2hr-50%; sensor start working, when detect movement 50%,20% no movement.<br \/>\n<u>Work temperature<\/u> :<br \/>\nChargeTemperature : -25\u00b0C &#8211; +65\u00b0C<br \/>\nDischarge Temperature Range :\u00a0-20\u00b0C &#8211; +75\u00b0C<br \/>\nStorage Temperature :\u00a0 -20\u00b0C &#8211; +45\u00b0C<br \/>\n<u>Installation suggestion<\/u> :<br \/>\nMounting Height Range : 6-8m<br \/>\nInstallation Distance Range : 19-23m<br \/>\nUpper diameter : 60mm<br \/>\n<u>Lamp body Materials<\/u> :<br \/>\nHigh quality Die-casting Aluminum<br \/>\n<u>Product size<\/u> :<br \/>\nlight body :\u00a0550*220*200mm<br \/>\nSolar Panel :\u00a0615*665*45mm<br \/>\n<u>Net weight<\/u> :<br \/>\nlight body+solar panel :\u00a05.54Kg+6.32Kg=11.85Kg<\/p>\n","protected":false},"excerpt":{"rendered":"<p>NOUS CONSULTER POUR TARIFS ET DISPONIBILITES &nbsp; Solar Module : Type : High-efficiency Monocrystalline Silicon Power : 60W\/DC18V Lifetime : 20-25 years Adjustable angle : 360\u00b0 on the orizontal direction, 18\u00b0 on the vertical direction Solar charge controller : Type : MPPT (Maximum Power Point Tracking) infrared solar charging controller Lithium-iron Battery : Type : [&hellip;]<\/p>\n","protected":false},"featured_media":7303,"template":"","meta":{"_eb_attr":"","ocean_post_layout":"","ocean_both_sidebars_style":"","ocean_both_sidebars_content_width":0,"ocean_both_sidebars_sidebars_width":0,"ocean_sidebar":"0","ocean_second_sidebar":"0","ocean_disable_margins":"enable","ocean_add_body_class":"","ocean_shortcode_before_top_bar":"","ocean_shortcode_after_top_bar":"","ocean_shortcode_before_header":"","ocean_shortcode_after_header":"","ocean_has_shortcode":"","ocean_shortcode_after_title":"","ocean_shortcode_before_footer_widgets":"","ocean_shortcode_after_footer_widgets":"","ocean_shortcode_before_footer_bottom":"","ocean_shortcode_after_footer_bottom":"","ocean_display_top_bar":"default","ocean_display_header":"default","ocean_header_style":"","ocean_center_header_left_menu":"0","ocean_custom_header_template":"0","ocean_custom_logo":0,"ocean_custom_retina_logo":0,"ocean_custom_logo_max_width":0,"ocean_custom_logo_tablet_max_width":0,"ocean_custom_logo_mobile_max_width":0,"ocean_custom_logo_max_height":0,"ocean_custom_logo_tablet_max_height":0,"ocean_custom_logo_mobile_max_height":0,"ocean_header_custom_menu":"0","ocean_menu_typo_font_family":"0","ocean_menu_typo_font_subset":"","ocean_menu_typo_font_size":0,"ocean_menu_typo_font_size_tablet":0,"ocean_menu_typo_font_size_mobile":0,"ocean_menu_typo_font_size_unit":"px","ocean_menu_typo_font_weight":"","ocean_menu_typo_font_weight_tablet":"","ocean_menu_typo_font_weight_mobile":"","ocean_menu_typo_transform":"","ocean_menu_typo_transform_tablet":"","ocean_menu_typo_transform_mobile":"","ocean_menu_typo_line_height":0,"ocean_menu_typo_line_height_tablet":0,"ocean_menu_typo_line_height_mobile":0,"ocean_menu_typo_line_height_unit":"","ocean_menu_typo_spacing":0,"ocean_menu_typo_spacing_tablet":0,"ocean_menu_typo_spacing_mobile":0,"ocean_menu_typo_spacing_unit":"","ocean_menu_link_color":"","ocean_menu_link_color_hover":"","ocean_menu_link_color_active":"","ocean_menu_link_background":"","ocean_menu_link_hover_background":"","ocean_menu_link_active_background":"","ocean_menu_social_links_bg":"","ocean_menu_social_hover_links_bg":"","ocean_menu_social_links_color":"","ocean_menu_social_hover_links_color":"","ocean_disable_title":"default","ocean_disable_heading":"default","ocean_post_title":"","ocean_post_subheading":"","ocean_post_title_style":"","ocean_post_title_background_color":"","ocean_post_title_background":0,"ocean_post_title_bg_image_position":"","ocean_post_title_bg_image_attachment":"","ocean_post_title_bg_image_repeat":"","ocean_post_title_bg_image_size":"","ocean_post_title_height":0,"ocean_post_title_bg_overlay":0.5,"ocean_post_title_bg_overlay_color":"","ocean_disable_breadcrumbs":"default","ocean_breadcrumbs_color":"","ocean_breadcrumbs_separator_color":"","ocean_breadcrumbs_links_color":"","ocean_breadcrumbs_links_hover_color":"","ocean_display_footer_widgets":"default","ocean_display_footer_bottom":"default","ocean_custom_footer_template":"0"},"product_brand":[],"product_cat":[61],"product_tag":[],"class_list":{"0":"post-3583","1":"product","2":"type-product","3":"status-publish","4":"has-post-thumbnail","6":"product_cat-eclairage-public-et-industriel","8":"entry","9":"has-media","11":"first","12":"instock","13":"taxable","14":"shipping-taxable","15":"purchasable","16":"product-type-simple","17":"col","18":"span_1_of_4","19":"owp-content-center","20":"owp-thumbs-layout-horizontal","21":"owp-btn-big","22":"owp-tabs-layout-horizontal"},"yoast_head":"<!-- This site is optimized with the Yoast SEO plugin v27.2 - https:\/\/yoast.com\/product\/yoast-seo-wordpress\/ -->\n<title>Lampadaire Solaire - FARE LED<\/title>\n<meta name=\"robots\" content=\"index, follow, max-snippet:-1, max-image-preview:large, max-video-preview:-1\" \/>\n<link rel=\"canonical\" href=\"https:\/\/www.fareled.com\/index.php\/produit\/lampadaire-solaire\/\" \/>\n<meta property=\"og:locale\" content=\"fr_FR\" \/>\n<meta property=\"og:type\" content=\"article\" \/>\n<meta property=\"og:title\" content=\"Lampadaire Solaire - FARE LED\" \/>\n<meta property=\"og:description\" content=\"NOUS CONSULTER POUR TARIFS ET DISPONIBILITES &nbsp; Solar Module : Type : High-efficiency Monocrystalline Silicon Power : 60W\/DC18V Lifetime : 20-25 years Adjustable angle : 360\u00b0 on the orizontal direction, 18\u00b0 on the vertical direction Solar charge controller : Type : MPPT (Maximum Power Point Tracking) infrared solar charging controller Lithium-iron Battery : Type : [&hellip;]\" \/>\n<meta property=\"og:url\" content=\"https:\/\/www.fareled.com\/index.php\/produit\/lampadaire-solaire\/\" \/>\n<meta property=\"og:site_name\" content=\"FARE LED\" \/>\n<meta property=\"article:publisher\" content=\"https:\/\/www.facebook.com\/fareledtahiti\" \/>\n<meta property=\"article:modified_time\" content=\"2025-02-14T17:34:49+00:00\" \/>\n<meta property=\"og:image\" content=\"https:\/\/www.fareled.com\/wp-content\/uploads\/2025\/01\/FP-03.jpg\" \/>\n\t<meta property=\"og:image:width\" content=\"647\" \/>\n\t<meta property=\"og:image:height\" content=\"713\" \/>\n\t<meta property=\"og:image:type\" content=\"image\/jpeg\" \/>\n<meta name=\"twitter:card\" content=\"summary_large_image\" \/>\n<meta name=\"twitter:label1\" content=\"Dur\u00e9e de lecture estim\u00e9e\" \/>\n\t<meta name=\"twitter:data1\" content=\"2 minutes\" \/>\n<script type=\"application\/ld+json\" class=\"yoast-schema-graph\">{\"@context\":\"https:\/\/schema.org\",\"@graph\":[{\"@type\":\"WebPage\",\"@id\":\"https:\/\/www.fareled.com\/index.php\/produit\/lampadaire-solaire\/\",\"url\":\"https:\/\/www.fareled.com\/index.php\/produit\/lampadaire-solaire\/\",\"name\":\"Lampadaire Solaire - FARE LED\",\"isPartOf\":{\"@id\":\"https:\/\/www.fareled.com\/#website\"},\"primaryImageOfPage\":{\"@id\":\"https:\/\/www.fareled.com\/index.php\/produit\/lampadaire-solaire\/#primaryimage\"},\"image\":{\"@id\":\"https:\/\/www.fareled.com\/index.php\/produit\/lampadaire-solaire\/#primaryimage\"},\"thumbnailUrl\":\"https:\/\/www.fareled.com\/wp-content\/uploads\/2025\/01\/FP-03.jpg\",\"datePublished\":\"2025-01-15T17:43:52+00:00\",\"dateModified\":\"2025-02-14T17:34:49+00:00\",\"breadcrumb\":{\"@id\":\"https:\/\/www.fareled.com\/index.php\/produit\/lampadaire-solaire\/#breadcrumb\"},\"inLanguage\":\"fr-FR\",\"potentialAction\":[{\"@type\":\"ReadAction\",\"target\":[\"https:\/\/www.fareled.com\/index.php\/produit\/lampadaire-solaire\/\"]}]},{\"@type\":\"ImageObject\",\"inLanguage\":\"fr-FR\",\"@id\":\"https:\/\/www.fareled.com\/index.php\/produit\/lampadaire-solaire\/#primaryimage\",\"url\":\"https:\/\/www.fareled.com\/wp-content\/uploads\/2025\/01\/FP-03.jpg\",\"contentUrl\":\"https:\/\/www.fareled.com\/wp-content\/uploads\/2025\/01\/FP-03.jpg\",\"width\":647,\"height\":713},{\"@type\":\"BreadcrumbList\",\"@id\":\"https:\/\/www.fareled.com\/index.php\/produit\/lampadaire-solaire\/#breadcrumb\",\"itemListElement\":[{\"@type\":\"ListItem\",\"position\":1,\"name\":\"Accueil\",\"item\":\"https:\/\/www.fareled.com\/\"},{\"@type\":\"ListItem\",\"position\":2,\"name\":\"TOUS LES PRODUITS\",\"item\":\"https:\/\/www.fareled.com\/index.php\/tous-les-produits\/\"},{\"@type\":\"ListItem\",\"position\":3,\"name\":\"Lampadaire Solaire\"}]},{\"@type\":\"WebSite\",\"@id\":\"https:\/\/www.fareled.com\/#website\",\"url\":\"https:\/\/www.fareled.com\/\",\"name\":\"FARE LED\",\"description\":\"Sp\u00e9cialiste de l&#039;\u00e9clairage LED en Polyn\u00e9sie fran\u00e7aise\",\"publisher\":{\"@id\":\"https:\/\/www.fareled.com\/#organization\"},\"potentialAction\":[{\"@type\":\"SearchAction\",\"target\":{\"@type\":\"EntryPoint\",\"urlTemplate\":\"https:\/\/www.fareled.com\/?s={search_term_string}\"},\"query-input\":{\"@type\":\"PropertyValueSpecification\",\"valueRequired\":true,\"valueName\":\"search_term_string\"}}],\"inLanguage\":\"fr-FR\"},{\"@type\":\"Organization\",\"@id\":\"https:\/\/www.fareled.com\/#organization\",\"name\":\"FARE LED\",\"url\":\"https:\/\/www.fareled.com\/\",\"logo\":{\"@type\":\"ImageObject\",\"inLanguage\":\"fr-FR\",\"@id\":\"https:\/\/www.fareled.com\/#\/schema\/logo\/image\/\",\"url\":\"https:\/\/fareled.mori-mana.com\/wp-content\/uploads\/2024\/10\/cropped-FareLED-Logo105-29-13-25-40.png\",\"contentUrl\":\"https:\/\/fareled.mori-mana.com\/wp-content\/uploads\/2024\/10\/cropped-FareLED-Logo105-29-13-25-40.png\",\"width\":512,\"height\":512,\"caption\":\"FARE LED\"},\"image\":{\"@id\":\"https:\/\/www.fareled.com\/#\/schema\/logo\/image\/\"},\"sameAs\":[\"https:\/\/www.facebook.com\/fareledtahiti\"]}]}<\/script>\n<!-- \/ Yoast SEO plugin. -->","yoast_head_json":{"title":"Lampadaire Solaire - FARE LED","robots":{"index":"index","follow":"follow","max-snippet":"max-snippet:-1","max-image-preview":"max-image-preview:large","max-video-preview":"max-video-preview:-1"},"canonical":"https:\/\/www.fareled.com\/index.php\/produit\/lampadaire-solaire\/","og_locale":"fr_FR","og_type":"article","og_title":"Lampadaire Solaire - FARE LED","og_description":"NOUS CONSULTER POUR TARIFS ET DISPONIBILITES &nbsp; Solar Module : Type : High-efficiency Monocrystalline Silicon Power : 60W\/DC18V Lifetime : 20-25 years Adjustable angle : 360\u00b0 on the orizontal direction, 18\u00b0 on the vertical direction Solar charge controller : Type : MPPT (Maximum Power Point Tracking) infrared solar charging controller Lithium-iron Battery : Type : [&hellip;]","og_url":"https:\/\/www.fareled.com\/index.php\/produit\/lampadaire-solaire\/","og_site_name":"FARE LED","article_publisher":"https:\/\/www.facebook.com\/fareledtahiti","article_modified_time":"2025-02-14T17:34:49+00:00","og_image":[{"width":647,"height":713,"url":"https:\/\/www.fareled.com\/wp-content\/uploads\/2025\/01\/FP-03.jpg","type":"image\/jpeg"}],"twitter_card":"summary_large_image","twitter_misc":{"Dur\u00e9e de lecture estim\u00e9e":"2 minutes"},"schema":{"@context":"https:\/\/schema.org","@graph":[{"@type":"WebPage","@id":"https:\/\/www.fareled.com\/index.php\/produit\/lampadaire-solaire\/","url":"https:\/\/www.fareled.com\/index.php\/produit\/lampadaire-solaire\/","name":"Lampadaire Solaire - FARE LED","isPartOf":{"@id":"https:\/\/www.fareled.com\/#website"},"primaryImageOfPage":{"@id":"https:\/\/www.fareled.com\/index.php\/produit\/lampadaire-solaire\/#primaryimage"},"image":{"@id":"https:\/\/www.fareled.com\/index.php\/produit\/lampadaire-solaire\/#primaryimage"},"thumbnailUrl":"https:\/\/www.fareled.com\/wp-content\/uploads\/2025\/01\/FP-03.jpg","datePublished":"2025-01-15T17:43:52+00:00","dateModified":"2025-02-14T17:34:49+00:00","breadcrumb":{"@id":"https:\/\/www.fareled.com\/index.php\/produit\/lampadaire-solaire\/#breadcrumb"},"inLanguage":"fr-FR","potentialAction":[{"@type":"ReadAction","target":["https:\/\/www.fareled.com\/index.php\/produit\/lampadaire-solaire\/"]}]},{"@type":"ImageObject","inLanguage":"fr-FR","@id":"https:\/\/www.fareled.com\/index.php\/produit\/lampadaire-solaire\/#primaryimage","url":"https:\/\/www.fareled.com\/wp-content\/uploads\/2025\/01\/FP-03.jpg","contentUrl":"https:\/\/www.fareled.com\/wp-content\/uploads\/2025\/01\/FP-03.jpg","width":647,"height":713},{"@type":"BreadcrumbList","@id":"https:\/\/www.fareled.com\/index.php\/produit\/lampadaire-solaire\/#breadcrumb","itemListElement":[{"@type":"ListItem","position":1,"name":"Accueil","item":"https:\/\/www.fareled.com\/"},{"@type":"ListItem","position":2,"name":"TOUS LES PRODUITS","item":"https:\/\/www.fareled.com\/index.php\/tous-les-produits\/"},{"@type":"ListItem","position":3,"name":"Lampadaire Solaire"}]},{"@type":"WebSite","@id":"https:\/\/www.fareled.com\/#website","url":"https:\/\/www.fareled.com\/","name":"FARE LED","description":"Sp\u00e9cialiste de l&#039;\u00e9clairage LED en Polyn\u00e9sie fran\u00e7aise","publisher":{"@id":"https:\/\/www.fareled.com\/#organization"},"potentialAction":[{"@type":"SearchAction","target":{"@type":"EntryPoint","urlTemplate":"https:\/\/www.fareled.com\/?s={search_term_string}"},"query-input":{"@type":"PropertyValueSpecification","valueRequired":true,"valueName":"search_term_string"}}],"inLanguage":"fr-FR"},{"@type":"Organization","@id":"https:\/\/www.fareled.com\/#organization","name":"FARE LED","url":"https:\/\/www.fareled.com\/","logo":{"@type":"ImageObject","inLanguage":"fr-FR","@id":"https:\/\/www.fareled.com\/#\/schema\/logo\/image\/","url":"https:\/\/fareled.mori-mana.com\/wp-content\/uploads\/2024\/10\/cropped-FareLED-Logo105-29-13-25-40.png","contentUrl":"https:\/\/fareled.mori-mana.com\/wp-content\/uploads\/2024\/10\/cropped-FareLED-Logo105-29-13-25-40.png","width":512,"height":512,"caption":"FARE LED"},"image":{"@id":"https:\/\/www.fareled.com\/#\/schema\/logo\/image\/"},"sameAs":["https:\/\/www.facebook.com\/fareledtahiti"]}]}},"jetpack_sharing_enabled":true,"_links":{"self":[{"href":"https:\/\/www.fareled.com\/index.php\/wp-json\/wp\/v2\/product\/3583","targetHints":{"allow":["GET"]}}],"collection":[{"href":"https:\/\/www.fareled.com\/index.php\/wp-json\/wp\/v2\/product"}],"about":[{"href":"https:\/\/www.fareled.com\/index.php\/wp-json\/wp\/v2\/types\/product"}],"wp:featuredmedia":[{"embeddable":true,"href":"https:\/\/www.fareled.com\/index.php\/wp-json\/wp\/v2\/media\/7303"}],"wp:attachment":[{"href":"https:\/\/www.fareled.com\/index.php\/wp-json\/wp\/v2\/media?parent=3583"}],"wp:term":[{"taxonomy":"product_brand","embeddable":true,"href":"https:\/\/www.fareled.com\/index.php\/wp-json\/wp\/v2\/product_brand?post=3583"},{"taxonomy":"product_cat","embeddable":true,"href":"https:\/\/www.fareled.com\/index.php\/wp-json\/wp\/v2\/product_cat?post=3583"},{"taxonomy":"product_tag","embeddable":true,"href":"https:\/\/www.fareled.com\/index.php\/wp-json\/wp\/v2\/product_tag?post=3583"}],"curies":[{"name":"wp","href":"https:\/\/api.w.org\/{rel}","templated":true}]}}