{"id":3588,"date":"2025-01-15T17:43:52","date_gmt":"2025-01-15T17:43:52","guid":{"rendered":"https:\/\/fareled.mori-mana.com\/index.php\/produit\/led-dowlight-modele-jana\/"},"modified":"2025-02-14T09:47:23","modified_gmt":"2025-02-14T19:47:23","slug":"led-dowlight-modele-jana","status":"publish","type":"product","link":"https:\/\/www.fareled.com\/index.php\/produit\/led-dowlight-modele-jana\/","title":{"rendered":"LED DOWLIGHT mod\u00e8le \u00ab\u00a0JANA\u00a0\u00bb"},"content":{"rendered":"<p><strong><span style=\"color: #cb2026;\">NOUS CONSULTER POUR TARIFS ET DISPONIBILITES<\/span><\/strong><\/p>\n<p>&nbsp;<\/p>\n<p>EXISTE EN :<\/p>\n<p>30W rond &#8211; 3000LM &#8211; \u03a6160*H126mm &#8211; cut-out:\u03a6150mm<\/p>\n<p>30W carr\u00e9 &#8211; 3000LM &#8211;\u00a0L160*H125mm &#8211; cut-out:L150mm<\/p>\n<p>2x30W &#8211; 2x3000LM &#8211;\u00a0L330*W175*H126mm &#8211; cut-out:L320*W160mm<\/p>\n<p>&nbsp;<\/p>\n<p>LED Brand: CITIZENCOB<br \/>\nInput voltage: AC220-240V50\/60Hz<br \/>\nCCT: 2700K\/3000K\/4000K\/5000K\/6500K<br \/>\nRa:&gt;80(&gt;90for optional)<br \/>\nBeamangle: 15\u00b0,24\u00b0,36\u00b0,60\u00b0<br \/>\nLightefficiency:95-100LM\/W<br \/>\nDriver: Eaglerise\/Lifud<br \/>\nFinish: White (other colour on request)<br \/>\nMaterial: Die-casting Aluminum<br \/>\nLamphead: Adjustable<br \/>\nIP Grade: IP44<br \/>\nCertificate: CERoHSSAA<\/p>\n<p>&nbsp;<\/p>\n<p>&nbsp;<\/p>\n","protected":false},"excerpt":{"rendered":"<p>NOUS CONSULTER POUR TARIFS ET DISPONIBILITES &nbsp; EXISTE EN : 30W rond &#8211; 3000LM &#8211; \u03a6160*H126mm &#8211; cut-out:\u03a6150mm 30W carr\u00e9 &#8211; 3000LM &#8211;\u00a0L160*H125mm &#8211; cut-out:L150mm 2x30W &#8211; 2x3000LM &#8211;\u00a0L330*W175*H126mm &#8211; cut-out:L320*W160mm &nbsp; LED Brand: CITIZENCOB Input voltage: AC220-240V50\/60Hz CCT: 2700K\/3000K\/4000K\/5000K\/6500K Ra:&gt;80(&gt;90for optional) Beamangle: 15\u00b0,24\u00b0,36\u00b0,60\u00b0 Lightefficiency:95-100LM\/W Driver: Eaglerise\/Lifud Finish: White (other colour on request) Material: Die-casting [&hellip;]<\/p>\n","protected":false},"featured_media":7331,"template":"","meta":{"_eb_attr":"","ocean_post_layout":"","ocean_both_sidebars_style":"","ocean_both_sidebars_content_width":0,"ocean_both_sidebars_sidebars_width":0,"ocean_sidebar":"0","ocean_second_sidebar":"0","ocean_disable_margins":"enable","ocean_add_body_class":"","ocean_shortcode_before_top_bar":"","ocean_shortcode_after_top_bar":"","ocean_shortcode_before_header":"","ocean_shortcode_after_header":"","ocean_has_shortcode":"","ocean_shortcode_after_title":"","ocean_shortcode_before_footer_widgets":"","ocean_shortcode_after_footer_widgets":"","ocean_shortcode_before_footer_bottom":"","ocean_shortcode_after_footer_bottom":"","ocean_display_top_bar":"default","ocean_display_header":"default","ocean_header_style":"","ocean_center_header_left_menu":"0","ocean_custom_header_template":"0","ocean_custom_logo":0,"ocean_custom_retina_logo":0,"ocean_custom_logo_max_width":0,"ocean_custom_logo_tablet_max_width":0,"ocean_custom_logo_mobile_max_width":0,"ocean_custom_logo_max_height":0,"ocean_custom_logo_tablet_max_height":0,"ocean_custom_logo_mobile_max_height":0,"ocean_header_custom_menu":"0","ocean_menu_typo_font_family":"0","ocean_menu_typo_font_subset":"","ocean_menu_typo_font_size":0,"ocean_menu_typo_font_size_tablet":0,"ocean_menu_typo_font_size_mobile":0,"ocean_menu_typo_font_size_unit":"px","ocean_menu_typo_font_weight":"","ocean_menu_typo_font_weight_tablet":"","ocean_menu_typo_font_weight_mobile":"","ocean_menu_typo_transform":"","ocean_menu_typo_transform_tablet":"","ocean_menu_typo_transform_mobile":"","ocean_menu_typo_line_height":0,"ocean_menu_typo_line_height_tablet":0,"ocean_menu_typo_line_height_mobile":0,"ocean_menu_typo_line_height_unit":"","ocean_menu_typo_spacing":0,"ocean_menu_typo_spacing_tablet":0,"ocean_menu_typo_spacing_mobile":0,"ocean_menu_typo_spacing_unit":"","ocean_menu_link_color":"","ocean_menu_link_color_hover":"","ocean_menu_link_color_active":"","ocean_menu_link_background":"","ocean_menu_link_hover_background":"","ocean_menu_link_active_background":"","ocean_menu_social_links_bg":"","ocean_menu_social_hover_links_bg":"","ocean_menu_social_links_color":"","ocean_menu_social_hover_links_color":"","ocean_disable_title":"default","ocean_disable_heading":"default","ocean_post_title":"","ocean_post_subheading":"","ocean_post_title_style":"","ocean_post_title_background_color":"","ocean_post_title_background":0,"ocean_post_title_bg_image_position":"","ocean_post_title_bg_image_attachment":"","ocean_post_title_bg_image_repeat":"","ocean_post_title_bg_image_size":"","ocean_post_title_height":0,"ocean_post_title_bg_overlay":0.5,"ocean_post_title_bg_overlay_color":"","ocean_disable_breadcrumbs":"default","ocean_breadcrumbs_color":"","ocean_breadcrumbs_separator_color":"","ocean_breadcrumbs_links_color":"","ocean_breadcrumbs_links_hover_color":"","ocean_display_footer_widgets":"default","ocean_display_footer_bottom":"default","ocean_custom_footer_template":"0"},"product_brand":[],"product_cat":[61],"product_tag":[],"class_list":{"0":"post-3588","1":"product","2":"type-product","3":"status-publish","4":"has-post-thumbnail","6":"product_cat-eclairage-public-et-industriel","8":"entry","9":"has-media","11":"first","12":"instock","13":"taxable","14":"shipping-taxable","15":"purchasable","16":"product-type-simple","17":"col","18":"span_1_of_4","19":"owp-content-center","20":"owp-thumbs-layout-horizontal","21":"owp-btn-big","22":"owp-tabs-layout-horizontal"},"yoast_head":"<!-- This site is optimized with the Yoast SEO plugin v27.2 - https:\/\/yoast.com\/product\/yoast-seo-wordpress\/ -->\n<title>LED DOWLIGHT mod\u00e8le &quot;JANA&quot; - FARE LED<\/title>\n<meta name=\"robots\" content=\"index, follow, max-snippet:-1, max-image-preview:large, max-video-preview:-1\" \/>\n<link rel=\"canonical\" href=\"https:\/\/www.fareled.com\/index.php\/produit\/led-dowlight-modele-jana\/\" \/>\n<meta property=\"og:locale\" content=\"fr_FR\" \/>\n<meta property=\"og:type\" content=\"article\" \/>\n<meta property=\"og:title\" content=\"LED DOWLIGHT mod\u00e8le &quot;JANA&quot; - FARE LED\" \/>\n<meta property=\"og:description\" content=\"NOUS CONSULTER POUR TARIFS ET DISPONIBILITES &nbsp; EXISTE EN : 30W rond &#8211; 3000LM &#8211; \u03a6160*H126mm &#8211; cut-out:\u03a6150mm 30W carr\u00e9 &#8211; 3000LM &#8211;\u00a0L160*H125mm &#8211; cut-out:L150mm 2x30W &#8211; 2x3000LM &#8211;\u00a0L330*W175*H126mm &#8211; cut-out:L320*W160mm &nbsp; LED Brand: CITIZENCOB Input voltage: AC220-240V50\/60Hz CCT: 2700K\/3000K\/4000K\/5000K\/6500K Ra:&gt;80(&gt;90for optional) Beamangle: 15\u00b0,24\u00b0,36\u00b0,60\u00b0 Lightefficiency:95-100LM\/W Driver: Eaglerise\/Lifud Finish: White (other colour on request) Material: Die-casting [&hellip;]\" \/>\n<meta property=\"og:url\" content=\"https:\/\/www.fareled.com\/index.php\/produit\/led-dowlight-modele-jana\/\" \/>\n<meta property=\"og:site_name\" content=\"FARE LED\" \/>\n<meta property=\"article:publisher\" content=\"https:\/\/www.facebook.com\/fareledtahiti\" \/>\n<meta property=\"article:modified_time\" content=\"2025-02-14T19:47:23+00:00\" \/>\n<meta property=\"og:image\" content=\"https:\/\/www.fareled.com\/wp-content\/uploads\/2025\/01\/JANA.jpg\" \/>\n\t<meta property=\"og:image:width\" content=\"514\" \/>\n\t<meta property=\"og:image:height\" content=\"514\" \/>\n\t<meta property=\"og:image:type\" content=\"image\/jpeg\" \/>\n<meta name=\"twitter:card\" content=\"summary_large_image\" \/>\n<meta name=\"twitter:label1\" content=\"Dur\u00e9e de lecture estim\u00e9e\" \/>\n\t<meta name=\"twitter:data1\" content=\"1 minute\" \/>\n<script type=\"application\/ld+json\" class=\"yoast-schema-graph\">{\"@context\":\"https:\/\/schema.org\",\"@graph\":[{\"@type\":\"WebPage\",\"@id\":\"https:\/\/www.fareled.com\/index.php\/produit\/led-dowlight-modele-jana\/\",\"url\":\"https:\/\/www.fareled.com\/index.php\/produit\/led-dowlight-modele-jana\/\",\"name\":\"LED DOWLIGHT mod\u00e8le \\\"JANA\\\" - FARE LED\",\"isPartOf\":{\"@id\":\"https:\/\/www.fareled.com\/#website\"},\"primaryImageOfPage\":{\"@id\":\"https:\/\/www.fareled.com\/index.php\/produit\/led-dowlight-modele-jana\/#primaryimage\"},\"image\":{\"@id\":\"https:\/\/www.fareled.com\/index.php\/produit\/led-dowlight-modele-jana\/#primaryimage\"},\"thumbnailUrl\":\"https:\/\/www.fareled.com\/wp-content\/uploads\/2025\/01\/JANA.jpg\",\"datePublished\":\"2025-01-15T17:43:52+00:00\",\"dateModified\":\"2025-02-14T19:47:23+00:00\",\"breadcrumb\":{\"@id\":\"https:\/\/www.fareled.com\/index.php\/produit\/led-dowlight-modele-jana\/#breadcrumb\"},\"inLanguage\":\"fr-FR\",\"potentialAction\":[{\"@type\":\"ReadAction\",\"target\":[\"https:\/\/www.fareled.com\/index.php\/produit\/led-dowlight-modele-jana\/\"]}]},{\"@type\":\"ImageObject\",\"inLanguage\":\"fr-FR\",\"@id\":\"https:\/\/www.fareled.com\/index.php\/produit\/led-dowlight-modele-jana\/#primaryimage\",\"url\":\"https:\/\/www.fareled.com\/wp-content\/uploads\/2025\/01\/JANA.jpg\",\"contentUrl\":\"https:\/\/www.fareled.com\/wp-content\/uploads\/2025\/01\/JANA.jpg\",\"width\":514,\"height\":514},{\"@type\":\"BreadcrumbList\",\"@id\":\"https:\/\/www.fareled.com\/index.php\/produit\/led-dowlight-modele-jana\/#breadcrumb\",\"itemListElement\":[{\"@type\":\"ListItem\",\"position\":1,\"name\":\"Accueil\",\"item\":\"https:\/\/www.fareled.com\/\"},{\"@type\":\"ListItem\",\"position\":2,\"name\":\"TOUS LES PRODUITS\",\"item\":\"https:\/\/www.fareled.com\/index.php\/tous-les-produits\/\"},{\"@type\":\"ListItem\",\"position\":3,\"name\":\"LED DOWLIGHT mod\u00e8le \u00ab\u00a0JANA\u00a0\u00bb\"}]},{\"@type\":\"WebSite\",\"@id\":\"https:\/\/www.fareled.com\/#website\",\"url\":\"https:\/\/www.fareled.com\/\",\"name\":\"FARE LED\",\"description\":\"Sp\u00e9cialiste de l&#039;\u00e9clairage LED en Polyn\u00e9sie fran\u00e7aise\",\"publisher\":{\"@id\":\"https:\/\/www.fareled.com\/#organization\"},\"potentialAction\":[{\"@type\":\"SearchAction\",\"target\":{\"@type\":\"EntryPoint\",\"urlTemplate\":\"https:\/\/www.fareled.com\/?s={search_term_string}\"},\"query-input\":{\"@type\":\"PropertyValueSpecification\",\"valueRequired\":true,\"valueName\":\"search_term_string\"}}],\"inLanguage\":\"fr-FR\"},{\"@type\":\"Organization\",\"@id\":\"https:\/\/www.fareled.com\/#organization\",\"name\":\"FARE LED\",\"url\":\"https:\/\/www.fareled.com\/\",\"logo\":{\"@type\":\"ImageObject\",\"inLanguage\":\"fr-FR\",\"@id\":\"https:\/\/www.fareled.com\/#\/schema\/logo\/image\/\",\"url\":\"https:\/\/fareled.mori-mana.com\/wp-content\/uploads\/2024\/10\/cropped-FareLED-Logo105-29-13-25-40.png\",\"contentUrl\":\"https:\/\/fareled.mori-mana.com\/wp-content\/uploads\/2024\/10\/cropped-FareLED-Logo105-29-13-25-40.png\",\"width\":512,\"height\":512,\"caption\":\"FARE LED\"},\"image\":{\"@id\":\"https:\/\/www.fareled.com\/#\/schema\/logo\/image\/\"},\"sameAs\":[\"https:\/\/www.facebook.com\/fareledtahiti\"]}]}<\/script>\n<!-- \/ Yoast SEO plugin. -->","yoast_head_json":{"title":"LED DOWLIGHT mod\u00e8le \"JANA\" - FARE LED","robots":{"index":"index","follow":"follow","max-snippet":"max-snippet:-1","max-image-preview":"max-image-preview:large","max-video-preview":"max-video-preview:-1"},"canonical":"https:\/\/www.fareled.com\/index.php\/produit\/led-dowlight-modele-jana\/","og_locale":"fr_FR","og_type":"article","og_title":"LED DOWLIGHT mod\u00e8le \"JANA\" - FARE LED","og_description":"NOUS CONSULTER POUR TARIFS ET DISPONIBILITES &nbsp; EXISTE EN : 30W rond &#8211; 3000LM &#8211; \u03a6160*H126mm &#8211; cut-out:\u03a6150mm 30W carr\u00e9 &#8211; 3000LM &#8211;\u00a0L160*H125mm &#8211; cut-out:L150mm 2x30W &#8211; 2x3000LM &#8211;\u00a0L330*W175*H126mm &#8211; cut-out:L320*W160mm &nbsp; LED Brand: CITIZENCOB Input voltage: AC220-240V50\/60Hz CCT: 2700K\/3000K\/4000K\/5000K\/6500K Ra:&gt;80(&gt;90for optional) Beamangle: 15\u00b0,24\u00b0,36\u00b0,60\u00b0 Lightefficiency:95-100LM\/W Driver: Eaglerise\/Lifud Finish: White (other colour on request) Material: Die-casting [&hellip;]","og_url":"https:\/\/www.fareled.com\/index.php\/produit\/led-dowlight-modele-jana\/","og_site_name":"FARE LED","article_publisher":"https:\/\/www.facebook.com\/fareledtahiti","article_modified_time":"2025-02-14T19:47:23+00:00","og_image":[{"width":514,"height":514,"url":"https:\/\/www.fareled.com\/wp-content\/uploads\/2025\/01\/JANA.jpg","type":"image\/jpeg"}],"twitter_card":"summary_large_image","twitter_misc":{"Dur\u00e9e de lecture estim\u00e9e":"1 minute"},"schema":{"@context":"https:\/\/schema.org","@graph":[{"@type":"WebPage","@id":"https:\/\/www.fareled.com\/index.php\/produit\/led-dowlight-modele-jana\/","url":"https:\/\/www.fareled.com\/index.php\/produit\/led-dowlight-modele-jana\/","name":"LED DOWLIGHT mod\u00e8le \"JANA\" - FARE LED","isPartOf":{"@id":"https:\/\/www.fareled.com\/#website"},"primaryImageOfPage":{"@id":"https:\/\/www.fareled.com\/index.php\/produit\/led-dowlight-modele-jana\/#primaryimage"},"image":{"@id":"https:\/\/www.fareled.com\/index.php\/produit\/led-dowlight-modele-jana\/#primaryimage"},"thumbnailUrl":"https:\/\/www.fareled.com\/wp-content\/uploads\/2025\/01\/JANA.jpg","datePublished":"2025-01-15T17:43:52+00:00","dateModified":"2025-02-14T19:47:23+00:00","breadcrumb":{"@id":"https:\/\/www.fareled.com\/index.php\/produit\/led-dowlight-modele-jana\/#breadcrumb"},"inLanguage":"fr-FR","potentialAction":[{"@type":"ReadAction","target":["https:\/\/www.fareled.com\/index.php\/produit\/led-dowlight-modele-jana\/"]}]},{"@type":"ImageObject","inLanguage":"fr-FR","@id":"https:\/\/www.fareled.com\/index.php\/produit\/led-dowlight-modele-jana\/#primaryimage","url":"https:\/\/www.fareled.com\/wp-content\/uploads\/2025\/01\/JANA.jpg","contentUrl":"https:\/\/www.fareled.com\/wp-content\/uploads\/2025\/01\/JANA.jpg","width":514,"height":514},{"@type":"BreadcrumbList","@id":"https:\/\/www.fareled.com\/index.php\/produit\/led-dowlight-modele-jana\/#breadcrumb","itemListElement":[{"@type":"ListItem","position":1,"name":"Accueil","item":"https:\/\/www.fareled.com\/"},{"@type":"ListItem","position":2,"name":"TOUS LES PRODUITS","item":"https:\/\/www.fareled.com\/index.php\/tous-les-produits\/"},{"@type":"ListItem","position":3,"name":"LED DOWLIGHT mod\u00e8le \u00ab\u00a0JANA\u00a0\u00bb"}]},{"@type":"WebSite","@id":"https:\/\/www.fareled.com\/#website","url":"https:\/\/www.fareled.com\/","name":"FARE LED","description":"Sp\u00e9cialiste de l&#039;\u00e9clairage LED en Polyn\u00e9sie fran\u00e7aise","publisher":{"@id":"https:\/\/www.fareled.com\/#organization"},"potentialAction":[{"@type":"SearchAction","target":{"@type":"EntryPoint","urlTemplate":"https:\/\/www.fareled.com\/?s={search_term_string}"},"query-input":{"@type":"PropertyValueSpecification","valueRequired":true,"valueName":"search_term_string"}}],"inLanguage":"fr-FR"},{"@type":"Organization","@id":"https:\/\/www.fareled.com\/#organization","name":"FARE LED","url":"https:\/\/www.fareled.com\/","logo":{"@type":"ImageObject","inLanguage":"fr-FR","@id":"https:\/\/www.fareled.com\/#\/schema\/logo\/image\/","url":"https:\/\/fareled.mori-mana.com\/wp-content\/uploads\/2024\/10\/cropped-FareLED-Logo105-29-13-25-40.png","contentUrl":"https:\/\/fareled.mori-mana.com\/wp-content\/uploads\/2024\/10\/cropped-FareLED-Logo105-29-13-25-40.png","width":512,"height":512,"caption":"FARE LED"},"image":{"@id":"https:\/\/www.fareled.com\/#\/schema\/logo\/image\/"},"sameAs":["https:\/\/www.facebook.com\/fareledtahiti"]}]}},"jetpack_sharing_enabled":true,"_links":{"self":[{"href":"https:\/\/www.fareled.com\/index.php\/wp-json\/wp\/v2\/product\/3588","targetHints":{"allow":["GET"]}}],"collection":[{"href":"https:\/\/www.fareled.com\/index.php\/wp-json\/wp\/v2\/product"}],"about":[{"href":"https:\/\/www.fareled.com\/index.php\/wp-json\/wp\/v2\/types\/product"}],"wp:featuredmedia":[{"embeddable":true,"href":"https:\/\/www.fareled.com\/index.php\/wp-json\/wp\/v2\/media\/7331"}],"wp:attachment":[{"href":"https:\/\/www.fareled.com\/index.php\/wp-json\/wp\/v2\/media?parent=3588"}],"wp:term":[{"taxonomy":"product_brand","embeddable":true,"href":"https:\/\/www.fareled.com\/index.php\/wp-json\/wp\/v2\/product_brand?post=3588"},{"taxonomy":"product_cat","embeddable":true,"href":"https:\/\/www.fareled.com\/index.php\/wp-json\/wp\/v2\/product_cat?post=3588"},{"taxonomy":"product_tag","embeddable":true,"href":"https:\/\/www.fareled.com\/index.php\/wp-json\/wp\/v2\/product_tag?post=3588"}],"curies":[{"name":"wp","href":"https:\/\/api.w.org\/{rel}","templated":true}]}}