{"id":3628,"date":"2025-01-15T17:43:55","date_gmt":"2025-01-15T17:43:55","guid":{"rendered":"https:\/\/fareled.mori-mana.com\/index.php\/produit\/projecteur-solaire-double-avec-detecteur-slwl04\/"},"modified":"2025-02-02T14:23:00","modified_gmt":"2025-02-03T00:23:00","slug":"projecteur-solaire-double-avec-detecteur-slwl04","status":"publish","type":"product","link":"https:\/\/www.fareled.com\/index.php\/produit\/projecteur-solaire-double-avec-detecteur-slwl04\/","title":{"rendered":"PROJECTEUR SOLAIRE DOUBLE AVEC DETECTEUR"},"content":{"rendered":"<ul>\n<li>Power:12W 2835SMD<\/li>\n<li>Beam Angle:270\u00b0 IP65<\/li>\n<li>Lumen:High Lighting:1400LM,Low Lighting:200LM<\/li>\n<li>Solar Panel:3.5W 5.5V<\/li>\n<li>Bettary:4400mAh; 3.7V (it can last 20hrs when low lighting)<\/li>\n<li>Color temperature:6000K<\/li>\n<li>with PIR Sensor(3modles)<\/li>\n<li>Material:Plastic<\/li>\n<\/ul>\n<p>&nbsp;<\/p>\n<p>Applique solaire ext\u00e9rieure 12W, adapt\u00e9e \u00e0 l&rsquo;\u00e9clairage ext\u00e9rieur du porche, de la cour et du balcon<\/p>\n","protected":false},"excerpt":{"rendered":"<p>Power:12W 2835SMD Beam Angle:270\u00b0 IP65 Lumen:High Lighting:1400LM,Low Lighting:200LM Solar Panel:3.5W 5.5V Bettary:4400mAh; 3.7V (it can last 20hrs when low lighting) Color temperature:6000K with PIR Sensor(3modles) Material:Plastic &nbsp; Applique solaire ext\u00e9rieure 12W, adapt\u00e9e \u00e0 l&rsquo;\u00e9clairage ext\u00e9rieur du porche, de la cour et du balcon<\/p>\n","protected":false},"featured_media":4658,"template":"","meta":{"_eb_attr":"","ocean_post_layout":"","ocean_both_sidebars_style":"","ocean_both_sidebars_content_width":0,"ocean_both_sidebars_sidebars_width":0,"ocean_sidebar":"0","ocean_second_sidebar":"0","ocean_disable_margins":"enable","ocean_add_body_class":"","ocean_shortcode_before_top_bar":"","ocean_shortcode_after_top_bar":"","ocean_shortcode_before_header":"","ocean_shortcode_after_header":"","ocean_has_shortcode":"","ocean_shortcode_after_title":"","ocean_shortcode_before_footer_widgets":"","ocean_shortcode_after_footer_widgets":"","ocean_shortcode_before_footer_bottom":"","ocean_shortcode_after_footer_bottom":"","ocean_display_top_bar":"default","ocean_display_header":"default","ocean_header_style":"","ocean_center_header_left_menu":"0","ocean_custom_header_template":"0","ocean_custom_logo":0,"ocean_custom_retina_logo":0,"ocean_custom_logo_max_width":0,"ocean_custom_logo_tablet_max_width":0,"ocean_custom_logo_mobile_max_width":0,"ocean_custom_logo_max_height":0,"ocean_custom_logo_tablet_max_height":0,"ocean_custom_logo_mobile_max_height":0,"ocean_header_custom_menu":"0","ocean_menu_typo_font_family":"0","ocean_menu_typo_font_subset":"","ocean_menu_typo_font_size":0,"ocean_menu_typo_font_size_tablet":0,"ocean_menu_typo_font_size_mobile":0,"ocean_menu_typo_font_size_unit":"px","ocean_menu_typo_font_weight":"","ocean_menu_typo_font_weight_tablet":"","ocean_menu_typo_font_weight_mobile":"","ocean_menu_typo_transform":"","ocean_menu_typo_transform_tablet":"","ocean_menu_typo_transform_mobile":"","ocean_menu_typo_line_height":0,"ocean_menu_typo_line_height_tablet":0,"ocean_menu_typo_line_height_mobile":0,"ocean_menu_typo_line_height_unit":"","ocean_menu_typo_spacing":0,"ocean_menu_typo_spacing_tablet":0,"ocean_menu_typo_spacing_mobile":0,"ocean_menu_typo_spacing_unit":"","ocean_menu_link_color":"","ocean_menu_link_color_hover":"","ocean_menu_link_color_active":"","ocean_menu_link_background":"","ocean_menu_link_hover_background":"","ocean_menu_link_active_background":"","ocean_menu_social_links_bg":"","ocean_menu_social_hover_links_bg":"","ocean_menu_social_links_color":"","ocean_menu_social_hover_links_color":"","ocean_disable_title":"default","ocean_disable_heading":"default","ocean_post_title":"","ocean_post_subheading":"","ocean_post_title_style":"","ocean_post_title_background_color":"","ocean_post_title_background":0,"ocean_post_title_bg_image_position":"","ocean_post_title_bg_image_attachment":"","ocean_post_title_bg_image_repeat":"","ocean_post_title_bg_image_size":"","ocean_post_title_height":0,"ocean_post_title_bg_overlay":0.5,"ocean_post_title_bg_overlay_color":"","ocean_disable_breadcrumbs":"default","ocean_breadcrumbs_color":"","ocean_breadcrumbs_separator_color":"","ocean_breadcrumbs_links_color":"","ocean_breadcrumbs_links_hover_color":"","ocean_display_footer_widgets":"default","ocean_display_footer_bottom":"default","ocean_custom_footer_template":"0"},"product_brand":[],"product_cat":[42],"product_tag":[],"class_list":{"0":"post-3628","1":"product","2":"type-product","3":"status-publish","4":"has-post-thumbnail","6":"product_cat-solaire","8":"entry","9":"has-media","11":"first","12":"instock","13":"taxable","14":"shipping-taxable","15":"purchasable","16":"product-type-simple","17":"col","18":"span_1_of_4","19":"owp-content-center","20":"owp-thumbs-layout-horizontal","21":"owp-btn-big","22":"owp-tabs-layout-horizontal"},"yoast_head":"<!-- This site is optimized with the Yoast SEO plugin v27.2 - https:\/\/yoast.com\/product\/yoast-seo-wordpress\/ -->\n<title>PROJECTEUR SOLAIRE DOUBLE AVEC DETECTEUR - FARE LED<\/title>\n<meta name=\"robots\" content=\"index, follow, max-snippet:-1, max-image-preview:large, max-video-preview:-1\" \/>\n<link rel=\"canonical\" href=\"https:\/\/www.fareled.com\/index.php\/produit\/projecteur-solaire-double-avec-detecteur-slwl04\/\" \/>\n<meta property=\"og:locale\" content=\"fr_FR\" \/>\n<meta property=\"og:type\" content=\"article\" \/>\n<meta property=\"og:title\" content=\"PROJECTEUR SOLAIRE DOUBLE AVEC DETECTEUR - FARE LED\" \/>\n<meta property=\"og:description\" content=\"Power:12W 2835SMD Beam Angle:270\u00b0 IP65 Lumen:High Lighting:1400LM,Low Lighting:200LM Solar Panel:3.5W 5.5V Bettary:4400mAh; 3.7V (it can last 20hrs when low lighting) Color temperature:6000K with PIR Sensor(3modles) Material:Plastic &nbsp; Applique solaire ext\u00e9rieure 12W, adapt\u00e9e \u00e0 l&rsquo;\u00e9clairage ext\u00e9rieur du porche, de la cour et du balcon\" \/>\n<meta property=\"og:url\" content=\"https:\/\/www.fareled.com\/index.php\/produit\/projecteur-solaire-double-avec-detecteur-slwl04\/\" \/>\n<meta property=\"og:site_name\" content=\"FARE LED\" \/>\n<meta property=\"article:publisher\" content=\"https:\/\/www.facebook.com\/fareledtahiti\" \/>\n<meta property=\"article:modified_time\" content=\"2025-02-03T00:23:00+00:00\" \/>\n<meta property=\"og:image\" content=\"https:\/\/www.fareled.com\/wp-content\/uploads\/2025\/01\/KD-SLWL04-12W-2.jpg\" \/>\n\t<meta property=\"og:image:width\" content=\"600\" \/>\n\t<meta property=\"og:image:height\" content=\"600\" \/>\n\t<meta property=\"og:image:type\" content=\"image\/jpeg\" \/>\n<meta name=\"twitter:card\" content=\"summary_large_image\" \/>\n<meta name=\"twitter:label1\" content=\"Dur\u00e9e de lecture estim\u00e9e\" \/>\n\t<meta name=\"twitter:data1\" content=\"1 minute\" \/>\n<script type=\"application\/ld+json\" class=\"yoast-schema-graph\">{\"@context\":\"https:\/\/schema.org\",\"@graph\":[{\"@type\":\"WebPage\",\"@id\":\"https:\/\/www.fareled.com\/index.php\/produit\/projecteur-solaire-double-avec-detecteur-slwl04\/\",\"url\":\"https:\/\/www.fareled.com\/index.php\/produit\/projecteur-solaire-double-avec-detecteur-slwl04\/\",\"name\":\"PROJECTEUR SOLAIRE DOUBLE AVEC DETECTEUR - FARE LED\",\"isPartOf\":{\"@id\":\"https:\/\/www.fareled.com\/#website\"},\"primaryImageOfPage\":{\"@id\":\"https:\/\/www.fareled.com\/index.php\/produit\/projecteur-solaire-double-avec-detecteur-slwl04\/#primaryimage\"},\"image\":{\"@id\":\"https:\/\/www.fareled.com\/index.php\/produit\/projecteur-solaire-double-avec-detecteur-slwl04\/#primaryimage\"},\"thumbnailUrl\":\"https:\/\/www.fareled.com\/wp-content\/uploads\/2025\/01\/KD-SLWL04-12W-2.jpg\",\"datePublished\":\"2025-01-15T17:43:55+00:00\",\"dateModified\":\"2025-02-03T00:23:00+00:00\",\"breadcrumb\":{\"@id\":\"https:\/\/www.fareled.com\/index.php\/produit\/projecteur-solaire-double-avec-detecteur-slwl04\/#breadcrumb\"},\"inLanguage\":\"fr-FR\",\"potentialAction\":[{\"@type\":\"ReadAction\",\"target\":[\"https:\/\/www.fareled.com\/index.php\/produit\/projecteur-solaire-double-avec-detecteur-slwl04\/\"]}]},{\"@type\":\"ImageObject\",\"inLanguage\":\"fr-FR\",\"@id\":\"https:\/\/www.fareled.com\/index.php\/produit\/projecteur-solaire-double-avec-detecteur-slwl04\/#primaryimage\",\"url\":\"https:\/\/www.fareled.com\/wp-content\/uploads\/2025\/01\/KD-SLWL04-12W-2.jpg\",\"contentUrl\":\"https:\/\/www.fareled.com\/wp-content\/uploads\/2025\/01\/KD-SLWL04-12W-2.jpg\",\"width\":600,\"height\":600},{\"@type\":\"BreadcrumbList\",\"@id\":\"https:\/\/www.fareled.com\/index.php\/produit\/projecteur-solaire-double-avec-detecteur-slwl04\/#breadcrumb\",\"itemListElement\":[{\"@type\":\"ListItem\",\"position\":1,\"name\":\"Accueil\",\"item\":\"https:\/\/www.fareled.com\/\"},{\"@type\":\"ListItem\",\"position\":2,\"name\":\"TOUS LES PRODUITS\",\"item\":\"https:\/\/www.fareled.com\/index.php\/tous-les-produits\/\"},{\"@type\":\"ListItem\",\"position\":3,\"name\":\"PROJECTEUR SOLAIRE DOUBLE AVEC DETECTEUR\"}]},{\"@type\":\"WebSite\",\"@id\":\"https:\/\/www.fareled.com\/#website\",\"url\":\"https:\/\/www.fareled.com\/\",\"name\":\"FARE LED\",\"description\":\"Sp\u00e9cialiste de l&#039;\u00e9clairage LED en Polyn\u00e9sie fran\u00e7aise\",\"publisher\":{\"@id\":\"https:\/\/www.fareled.com\/#organization\"},\"potentialAction\":[{\"@type\":\"SearchAction\",\"target\":{\"@type\":\"EntryPoint\",\"urlTemplate\":\"https:\/\/www.fareled.com\/?s={search_term_string}\"},\"query-input\":{\"@type\":\"PropertyValueSpecification\",\"valueRequired\":true,\"valueName\":\"search_term_string\"}}],\"inLanguage\":\"fr-FR\"},{\"@type\":\"Organization\",\"@id\":\"https:\/\/www.fareled.com\/#organization\",\"name\":\"FARE LED\",\"url\":\"https:\/\/www.fareled.com\/\",\"logo\":{\"@type\":\"ImageObject\",\"inLanguage\":\"fr-FR\",\"@id\":\"https:\/\/www.fareled.com\/#\/schema\/logo\/image\/\",\"url\":\"https:\/\/fareled.mori-mana.com\/wp-content\/uploads\/2024\/10\/cropped-FareLED-Logo105-29-13-25-40.png\",\"contentUrl\":\"https:\/\/fareled.mori-mana.com\/wp-content\/uploads\/2024\/10\/cropped-FareLED-Logo105-29-13-25-40.png\",\"width\":512,\"height\":512,\"caption\":\"FARE LED\"},\"image\":{\"@id\":\"https:\/\/www.fareled.com\/#\/schema\/logo\/image\/\"},\"sameAs\":[\"https:\/\/www.facebook.com\/fareledtahiti\"]}]}<\/script>\n<!-- \/ Yoast SEO plugin. -->","yoast_head_json":{"title":"PROJECTEUR SOLAIRE DOUBLE AVEC DETECTEUR - FARE LED","robots":{"index":"index","follow":"follow","max-snippet":"max-snippet:-1","max-image-preview":"max-image-preview:large","max-video-preview":"max-video-preview:-1"},"canonical":"https:\/\/www.fareled.com\/index.php\/produit\/projecteur-solaire-double-avec-detecteur-slwl04\/","og_locale":"fr_FR","og_type":"article","og_title":"PROJECTEUR SOLAIRE DOUBLE AVEC DETECTEUR - FARE LED","og_description":"Power:12W 2835SMD Beam Angle:270\u00b0 IP65 Lumen:High Lighting:1400LM,Low Lighting:200LM Solar Panel:3.5W 5.5V Bettary:4400mAh; 3.7V (it can last 20hrs when low lighting) Color temperature:6000K with PIR Sensor(3modles) Material:Plastic &nbsp; Applique solaire ext\u00e9rieure 12W, adapt\u00e9e \u00e0 l&rsquo;\u00e9clairage ext\u00e9rieur du porche, de la cour et du balcon","og_url":"https:\/\/www.fareled.com\/index.php\/produit\/projecteur-solaire-double-avec-detecteur-slwl04\/","og_site_name":"FARE LED","article_publisher":"https:\/\/www.facebook.com\/fareledtahiti","article_modified_time":"2025-02-03T00:23:00+00:00","og_image":[{"width":600,"height":600,"url":"https:\/\/www.fareled.com\/wp-content\/uploads\/2025\/01\/KD-SLWL04-12W-2.jpg","type":"image\/jpeg"}],"twitter_card":"summary_large_image","twitter_misc":{"Dur\u00e9e de lecture estim\u00e9e":"1 minute"},"schema":{"@context":"https:\/\/schema.org","@graph":[{"@type":"WebPage","@id":"https:\/\/www.fareled.com\/index.php\/produit\/projecteur-solaire-double-avec-detecteur-slwl04\/","url":"https:\/\/www.fareled.com\/index.php\/produit\/projecteur-solaire-double-avec-detecteur-slwl04\/","name":"PROJECTEUR SOLAIRE DOUBLE AVEC DETECTEUR - FARE LED","isPartOf":{"@id":"https:\/\/www.fareled.com\/#website"},"primaryImageOfPage":{"@id":"https:\/\/www.fareled.com\/index.php\/produit\/projecteur-solaire-double-avec-detecteur-slwl04\/#primaryimage"},"image":{"@id":"https:\/\/www.fareled.com\/index.php\/produit\/projecteur-solaire-double-avec-detecteur-slwl04\/#primaryimage"},"thumbnailUrl":"https:\/\/www.fareled.com\/wp-content\/uploads\/2025\/01\/KD-SLWL04-12W-2.jpg","datePublished":"2025-01-15T17:43:55+00:00","dateModified":"2025-02-03T00:23:00+00:00","breadcrumb":{"@id":"https:\/\/www.fareled.com\/index.php\/produit\/projecteur-solaire-double-avec-detecteur-slwl04\/#breadcrumb"},"inLanguage":"fr-FR","potentialAction":[{"@type":"ReadAction","target":["https:\/\/www.fareled.com\/index.php\/produit\/projecteur-solaire-double-avec-detecteur-slwl04\/"]}]},{"@type":"ImageObject","inLanguage":"fr-FR","@id":"https:\/\/www.fareled.com\/index.php\/produit\/projecteur-solaire-double-avec-detecteur-slwl04\/#primaryimage","url":"https:\/\/www.fareled.com\/wp-content\/uploads\/2025\/01\/KD-SLWL04-12W-2.jpg","contentUrl":"https:\/\/www.fareled.com\/wp-content\/uploads\/2025\/01\/KD-SLWL04-12W-2.jpg","width":600,"height":600},{"@type":"BreadcrumbList","@id":"https:\/\/www.fareled.com\/index.php\/produit\/projecteur-solaire-double-avec-detecteur-slwl04\/#breadcrumb","itemListElement":[{"@type":"ListItem","position":1,"name":"Accueil","item":"https:\/\/www.fareled.com\/"},{"@type":"ListItem","position":2,"name":"TOUS LES PRODUITS","item":"https:\/\/www.fareled.com\/index.php\/tous-les-produits\/"},{"@type":"ListItem","position":3,"name":"PROJECTEUR SOLAIRE DOUBLE AVEC DETECTEUR"}]},{"@type":"WebSite","@id":"https:\/\/www.fareled.com\/#website","url":"https:\/\/www.fareled.com\/","name":"FARE LED","description":"Sp\u00e9cialiste de l&#039;\u00e9clairage LED en Polyn\u00e9sie fran\u00e7aise","publisher":{"@id":"https:\/\/www.fareled.com\/#organization"},"potentialAction":[{"@type":"SearchAction","target":{"@type":"EntryPoint","urlTemplate":"https:\/\/www.fareled.com\/?s={search_term_string}"},"query-input":{"@type":"PropertyValueSpecification","valueRequired":true,"valueName":"search_term_string"}}],"inLanguage":"fr-FR"},{"@type":"Organization","@id":"https:\/\/www.fareled.com\/#organization","name":"FARE LED","url":"https:\/\/www.fareled.com\/","logo":{"@type":"ImageObject","inLanguage":"fr-FR","@id":"https:\/\/www.fareled.com\/#\/schema\/logo\/image\/","url":"https:\/\/fareled.mori-mana.com\/wp-content\/uploads\/2024\/10\/cropped-FareLED-Logo105-29-13-25-40.png","contentUrl":"https:\/\/fareled.mori-mana.com\/wp-content\/uploads\/2024\/10\/cropped-FareLED-Logo105-29-13-25-40.png","width":512,"height":512,"caption":"FARE LED"},"image":{"@id":"https:\/\/www.fareled.com\/#\/schema\/logo\/image\/"},"sameAs":["https:\/\/www.facebook.com\/fareledtahiti"]}]}},"jetpack_sharing_enabled":true,"_links":{"self":[{"href":"https:\/\/www.fareled.com\/index.php\/wp-json\/wp\/v2\/product\/3628","targetHints":{"allow":["GET"]}}],"collection":[{"href":"https:\/\/www.fareled.com\/index.php\/wp-json\/wp\/v2\/product"}],"about":[{"href":"https:\/\/www.fareled.com\/index.php\/wp-json\/wp\/v2\/types\/product"}],"wp:featuredmedia":[{"embeddable":true,"href":"https:\/\/www.fareled.com\/index.php\/wp-json\/wp\/v2\/media\/4658"}],"wp:attachment":[{"href":"https:\/\/www.fareled.com\/index.php\/wp-json\/wp\/v2\/media?parent=3628"}],"wp:term":[{"taxonomy":"product_brand","embeddable":true,"href":"https:\/\/www.fareled.com\/index.php\/wp-json\/wp\/v2\/product_brand?post=3628"},{"taxonomy":"product_cat","embeddable":true,"href":"https:\/\/www.fareled.com\/index.php\/wp-json\/wp\/v2\/product_cat?post=3628"},{"taxonomy":"product_tag","embeddable":true,"href":"https:\/\/www.fareled.com\/index.php\/wp-json\/wp\/v2\/product_tag?post=3628"}],"curies":[{"name":"wp","href":"https:\/\/api.w.org\/{rel}","templated":true}]}}