{"id":3807,"date":"2025-01-15T17:44:10","date_gmt":"2025-01-15T17:44:10","guid":{"rendered":"https:\/\/fareled.mori-mana.com\/index.php\/produit\/futc01-projecteur-mi-light-rond-9w-rgbcct24v-ip66\/"},"modified":"2025-01-28T07:57:37","modified_gmt":"2025-01-28T17:57:37","slug":"futc01-projecteur-mi-light-rond-9w-rgbcct24v-ip66","status":"publish","type":"product","link":"https:\/\/www.fareled.com\/index.php\/produit\/futc01-projecteur-mi-light-rond-9w-rgbcct24v-ip66\/","title":{"rendered":"Projecteur MI-LIGHT 9W RGB+CCT IP66"},"content":{"rendered":"<p>Rated Current: 0.41A<\/p>\n<p>Power: 9W<\/p>\n<p>Work Temperature: -20~45\u00b0C<\/p>\n<p>Color Temperature: 2700K~6500K<\/p>\n<p>CRI: &gt;80<\/p>\n<p>Luminous Flux: 900LM<\/p>\n<p>Luminous Efficiency: 100LM\/W<\/p>\n<p>Lifespan: 50000 hours<\/p>\n<p>Beam Angle: 15\u00b0<\/p>\n<p>Illumination Distance: &gt;10m<\/p>\n<p>IP Rate: IP66<\/p>\n<p>RF: 2.4GHz<\/p>\n<p>Control Distance: 30m<\/p>\n","protected":false},"excerpt":{"rendered":"<p>Rated Current: 0.41A Power: 9W Work Temperature: -20~45\u00b0C Color Temperature: 2700K~6500K CRI: &gt;80 Luminous Flux: 900LM Luminous Efficiency: 100LM\/W Lifespan: 50000 hours Beam Angle: 15\u00b0 Illumination Distance: &gt;10m IP Rate: IP66 RF: 2.4GHz Control Distance: 30m<\/p>\n","protected":false},"featured_media":6095,"template":"","meta":{"_eb_attr":"","ocean_post_layout":"","ocean_both_sidebars_style":"","ocean_both_sidebars_content_width":0,"ocean_both_sidebars_sidebars_width":0,"ocean_sidebar":"0","ocean_second_sidebar":"0","ocean_disable_margins":"enable","ocean_add_body_class":"","ocean_shortcode_before_top_bar":"","ocean_shortcode_after_top_bar":"","ocean_shortcode_before_header":"","ocean_shortcode_after_header":"","ocean_has_shortcode":"","ocean_shortcode_after_title":"","ocean_shortcode_before_footer_widgets":"","ocean_shortcode_after_footer_widgets":"","ocean_shortcode_before_footer_bottom":"","ocean_shortcode_after_footer_bottom":"","ocean_display_top_bar":"default","ocean_display_header":"default","ocean_header_style":"","ocean_center_header_left_menu":"0","ocean_custom_header_template":"0","ocean_custom_logo":0,"ocean_custom_retina_logo":0,"ocean_custom_logo_max_width":0,"ocean_custom_logo_tablet_max_width":0,"ocean_custom_logo_mobile_max_width":0,"ocean_custom_logo_max_height":0,"ocean_custom_logo_tablet_max_height":0,"ocean_custom_logo_mobile_max_height":0,"ocean_header_custom_menu":"0","ocean_menu_typo_font_family":"0","ocean_menu_typo_font_subset":"","ocean_menu_typo_font_size":0,"ocean_menu_typo_font_size_tablet":0,"ocean_menu_typo_font_size_mobile":0,"ocean_menu_typo_font_size_unit":"px","ocean_menu_typo_font_weight":"","ocean_menu_typo_font_weight_tablet":"","ocean_menu_typo_font_weight_mobile":"","ocean_menu_typo_transform":"","ocean_menu_typo_transform_tablet":"","ocean_menu_typo_transform_mobile":"","ocean_menu_typo_line_height":0,"ocean_menu_typo_line_height_tablet":0,"ocean_menu_typo_line_height_mobile":0,"ocean_menu_typo_line_height_unit":"","ocean_menu_typo_spacing":0,"ocean_menu_typo_spacing_tablet":0,"ocean_menu_typo_spacing_mobile":0,"ocean_menu_typo_spacing_unit":"","ocean_menu_link_color":"","ocean_menu_link_color_hover":"","ocean_menu_link_color_active":"","ocean_menu_link_background":"","ocean_menu_link_hover_background":"","ocean_menu_link_active_background":"","ocean_menu_social_links_bg":"","ocean_menu_social_hover_links_bg":"","ocean_menu_social_links_color":"","ocean_menu_social_hover_links_color":"","ocean_disable_title":"default","ocean_disable_heading":"default","ocean_post_title":"","ocean_post_subheading":"","ocean_post_title_style":"","ocean_post_title_background_color":"","ocean_post_title_background":0,"ocean_post_title_bg_image_position":"","ocean_post_title_bg_image_attachment":"","ocean_post_title_bg_image_repeat":"","ocean_post_title_bg_image_size":"","ocean_post_title_height":0,"ocean_post_title_bg_overlay":0.5,"ocean_post_title_bg_overlay_color":"","ocean_disable_breadcrumbs":"default","ocean_breadcrumbs_color":"","ocean_breadcrumbs_separator_color":"","ocean_breadcrumbs_links_color":"","ocean_breadcrumbs_links_hover_color":"","ocean_display_footer_widgets":"default","ocean_display_footer_bottom":"default","ocean_custom_footer_template":"0"},"product_brand":[],"product_cat":[33,41,35,34],"product_tag":[],"class_list":{"0":"post-3807","1":"product","2":"type-product","3":"status-publish","4":"has-post-thumbnail","6":"product_cat-eclairage-exterieur","7":"product_cat-miboxer","8":"product_cat-projecteurs","9":"product_cat-spots-et-bornes","11":"entry","12":"has-media","14":"first","15":"instock","16":"taxable","17":"shipping-taxable","18":"purchasable","19":"product-type-variable","20":"col","21":"span_1_of_4","22":"owp-content-center","23":"owp-thumbs-layout-horizontal","24":"owp-btn-big","25":"owp-tabs-layout-horizontal","26":"has-no-thumbnails"},"yoast_head":"<!-- This site is optimized with the Yoast SEO plugin v27.2 - https:\/\/yoast.com\/product\/yoast-seo-wordpress\/ -->\n<title>Projecteur MI-LIGHT 9W RGB+CCT IP66 - FARE LED<\/title>\n<meta name=\"robots\" content=\"index, follow, max-snippet:-1, max-image-preview:large, max-video-preview:-1\" \/>\n<link rel=\"canonical\" href=\"https:\/\/www.fareled.com\/index.php\/produit\/futc01-projecteur-mi-light-rond-9w-rgbcct24v-ip66\/\" \/>\n<meta property=\"og:locale\" content=\"fr_FR\" \/>\n<meta property=\"og:type\" content=\"article\" \/>\n<meta property=\"og:title\" content=\"Projecteur MI-LIGHT 9W RGB+CCT IP66 - FARE LED\" \/>\n<meta property=\"og:description\" content=\"Rated Current: 0.41A Power: 9W Work Temperature: -20~45\u00b0C Color Temperature: 2700K~6500K CRI: &gt;80 Luminous Flux: 900LM Luminous Efficiency: 100LM\/W Lifespan: 50000 hours Beam Angle: 15\u00b0 Illumination Distance: &gt;10m IP Rate: IP66 RF: 2.4GHz Control Distance: 30m\" \/>\n<meta property=\"og:url\" content=\"https:\/\/www.fareled.com\/index.php\/produit\/futc01-projecteur-mi-light-rond-9w-rgbcct24v-ip66\/\" \/>\n<meta property=\"og:site_name\" content=\"FARE LED\" \/>\n<meta property=\"article:publisher\" content=\"https:\/\/www.facebook.com\/fareledtahiti\" \/>\n<meta property=\"article:modified_time\" content=\"2025-01-28T17:57:37+00:00\" \/>\n<meta property=\"og:image\" content=\"https:\/\/www.fareled.com\/wp-content\/uploads\/2025\/01\/FUTC02-image.jpg\" \/>\n\t<meta property=\"og:image:width\" content=\"427\" \/>\n\t<meta property=\"og:image:height\" content=\"436\" \/>\n\t<meta property=\"og:image:type\" content=\"image\/jpeg\" \/>\n<meta name=\"twitter:card\" content=\"summary_large_image\" \/>\n<meta name=\"twitter:label1\" content=\"Dur\u00e9e de lecture estim\u00e9e\" \/>\n\t<meta name=\"twitter:data1\" content=\"1 minute\" \/>\n<script type=\"application\/ld+json\" class=\"yoast-schema-graph\">{\"@context\":\"https:\/\/schema.org\",\"@graph\":[{\"@type\":\"WebPage\",\"@id\":\"https:\/\/www.fareled.com\/index.php\/produit\/futc01-projecteur-mi-light-rond-9w-rgbcct24v-ip66\/\",\"url\":\"https:\/\/www.fareled.com\/index.php\/produit\/futc01-projecteur-mi-light-rond-9w-rgbcct24v-ip66\/\",\"name\":\"Projecteur MI-LIGHT 9W RGB+CCT IP66 - FARE LED\",\"isPartOf\":{\"@id\":\"https:\/\/www.fareled.com\/#website\"},\"primaryImageOfPage\":{\"@id\":\"https:\/\/www.fareled.com\/index.php\/produit\/futc01-projecteur-mi-light-rond-9w-rgbcct24v-ip66\/#primaryimage\"},\"image\":{\"@id\":\"https:\/\/www.fareled.com\/index.php\/produit\/futc01-projecteur-mi-light-rond-9w-rgbcct24v-ip66\/#primaryimage\"},\"thumbnailUrl\":\"https:\/\/www.fareled.com\/wp-content\/uploads\/2025\/01\/FUTC02-image.jpg\",\"datePublished\":\"2025-01-15T17:44:10+00:00\",\"dateModified\":\"2025-01-28T17:57:37+00:00\",\"breadcrumb\":{\"@id\":\"https:\/\/www.fareled.com\/index.php\/produit\/futc01-projecteur-mi-light-rond-9w-rgbcct24v-ip66\/#breadcrumb\"},\"inLanguage\":\"fr-FR\",\"potentialAction\":[{\"@type\":\"ReadAction\",\"target\":[\"https:\/\/www.fareled.com\/index.php\/produit\/futc01-projecteur-mi-light-rond-9w-rgbcct24v-ip66\/\"]}]},{\"@type\":\"ImageObject\",\"inLanguage\":\"fr-FR\",\"@id\":\"https:\/\/www.fareled.com\/index.php\/produit\/futc01-projecteur-mi-light-rond-9w-rgbcct24v-ip66\/#primaryimage\",\"url\":\"https:\/\/www.fareled.com\/wp-content\/uploads\/2025\/01\/FUTC02-image.jpg\",\"contentUrl\":\"https:\/\/www.fareled.com\/wp-content\/uploads\/2025\/01\/FUTC02-image.jpg\",\"width\":427,\"height\":436},{\"@type\":\"BreadcrumbList\",\"@id\":\"https:\/\/www.fareled.com\/index.php\/produit\/futc01-projecteur-mi-light-rond-9w-rgbcct24v-ip66\/#breadcrumb\",\"itemListElement\":[{\"@type\":\"ListItem\",\"position\":1,\"name\":\"Accueil\",\"item\":\"https:\/\/www.fareled.com\/\"},{\"@type\":\"ListItem\",\"position\":2,\"name\":\"TOUS LES PRODUITS\",\"item\":\"https:\/\/www.fareled.com\/index.php\/tous-les-produits\/\"},{\"@type\":\"ListItem\",\"position\":3,\"name\":\"Projecteur MI-LIGHT 9W RGB+CCT IP66\"}]},{\"@type\":\"WebSite\",\"@id\":\"https:\/\/www.fareled.com\/#website\",\"url\":\"https:\/\/www.fareled.com\/\",\"name\":\"FARE LED\",\"description\":\"Sp\u00e9cialiste de l&#039;\u00e9clairage LED en Polyn\u00e9sie fran\u00e7aise\",\"publisher\":{\"@id\":\"https:\/\/www.fareled.com\/#organization\"},\"potentialAction\":[{\"@type\":\"SearchAction\",\"target\":{\"@type\":\"EntryPoint\",\"urlTemplate\":\"https:\/\/www.fareled.com\/?s={search_term_string}\"},\"query-input\":{\"@type\":\"PropertyValueSpecification\",\"valueRequired\":true,\"valueName\":\"search_term_string\"}}],\"inLanguage\":\"fr-FR\"},{\"@type\":\"Organization\",\"@id\":\"https:\/\/www.fareled.com\/#organization\",\"name\":\"FARE LED\",\"url\":\"https:\/\/www.fareled.com\/\",\"logo\":{\"@type\":\"ImageObject\",\"inLanguage\":\"fr-FR\",\"@id\":\"https:\/\/www.fareled.com\/#\/schema\/logo\/image\/\",\"url\":\"https:\/\/fareled.mori-mana.com\/wp-content\/uploads\/2024\/10\/cropped-FareLED-Logo105-29-13-25-40.png\",\"contentUrl\":\"https:\/\/fareled.mori-mana.com\/wp-content\/uploads\/2024\/10\/cropped-FareLED-Logo105-29-13-25-40.png\",\"width\":512,\"height\":512,\"caption\":\"FARE LED\"},\"image\":{\"@id\":\"https:\/\/www.fareled.com\/#\/schema\/logo\/image\/\"},\"sameAs\":[\"https:\/\/www.facebook.com\/fareledtahiti\"]}]}<\/script>\n<!-- \/ Yoast SEO plugin. -->","yoast_head_json":{"title":"Projecteur MI-LIGHT 9W RGB+CCT IP66 - FARE LED","robots":{"index":"index","follow":"follow","max-snippet":"max-snippet:-1","max-image-preview":"max-image-preview:large","max-video-preview":"max-video-preview:-1"},"canonical":"https:\/\/www.fareled.com\/index.php\/produit\/futc01-projecteur-mi-light-rond-9w-rgbcct24v-ip66\/","og_locale":"fr_FR","og_type":"article","og_title":"Projecteur MI-LIGHT 9W RGB+CCT IP66 - FARE LED","og_description":"Rated Current: 0.41A Power: 9W Work Temperature: -20~45\u00b0C Color Temperature: 2700K~6500K CRI: &gt;80 Luminous Flux: 900LM Luminous Efficiency: 100LM\/W Lifespan: 50000 hours Beam Angle: 15\u00b0 Illumination Distance: &gt;10m IP Rate: IP66 RF: 2.4GHz Control Distance: 30m","og_url":"https:\/\/www.fareled.com\/index.php\/produit\/futc01-projecteur-mi-light-rond-9w-rgbcct24v-ip66\/","og_site_name":"FARE LED","article_publisher":"https:\/\/www.facebook.com\/fareledtahiti","article_modified_time":"2025-01-28T17:57:37+00:00","og_image":[{"width":427,"height":436,"url":"https:\/\/www.fareled.com\/wp-content\/uploads\/2025\/01\/FUTC02-image.jpg","type":"image\/jpeg"}],"twitter_card":"summary_large_image","twitter_misc":{"Dur\u00e9e de lecture estim\u00e9e":"1 minute"},"schema":{"@context":"https:\/\/schema.org","@graph":[{"@type":"WebPage","@id":"https:\/\/www.fareled.com\/index.php\/produit\/futc01-projecteur-mi-light-rond-9w-rgbcct24v-ip66\/","url":"https:\/\/www.fareled.com\/index.php\/produit\/futc01-projecteur-mi-light-rond-9w-rgbcct24v-ip66\/","name":"Projecteur MI-LIGHT 9W RGB+CCT IP66 - FARE LED","isPartOf":{"@id":"https:\/\/www.fareled.com\/#website"},"primaryImageOfPage":{"@id":"https:\/\/www.fareled.com\/index.php\/produit\/futc01-projecteur-mi-light-rond-9w-rgbcct24v-ip66\/#primaryimage"},"image":{"@id":"https:\/\/www.fareled.com\/index.php\/produit\/futc01-projecteur-mi-light-rond-9w-rgbcct24v-ip66\/#primaryimage"},"thumbnailUrl":"https:\/\/www.fareled.com\/wp-content\/uploads\/2025\/01\/FUTC02-image.jpg","datePublished":"2025-01-15T17:44:10+00:00","dateModified":"2025-01-28T17:57:37+00:00","breadcrumb":{"@id":"https:\/\/www.fareled.com\/index.php\/produit\/futc01-projecteur-mi-light-rond-9w-rgbcct24v-ip66\/#breadcrumb"},"inLanguage":"fr-FR","potentialAction":[{"@type":"ReadAction","target":["https:\/\/www.fareled.com\/index.php\/produit\/futc01-projecteur-mi-light-rond-9w-rgbcct24v-ip66\/"]}]},{"@type":"ImageObject","inLanguage":"fr-FR","@id":"https:\/\/www.fareled.com\/index.php\/produit\/futc01-projecteur-mi-light-rond-9w-rgbcct24v-ip66\/#primaryimage","url":"https:\/\/www.fareled.com\/wp-content\/uploads\/2025\/01\/FUTC02-image.jpg","contentUrl":"https:\/\/www.fareled.com\/wp-content\/uploads\/2025\/01\/FUTC02-image.jpg","width":427,"height":436},{"@type":"BreadcrumbList","@id":"https:\/\/www.fareled.com\/index.php\/produit\/futc01-projecteur-mi-light-rond-9w-rgbcct24v-ip66\/#breadcrumb","itemListElement":[{"@type":"ListItem","position":1,"name":"Accueil","item":"https:\/\/www.fareled.com\/"},{"@type":"ListItem","position":2,"name":"TOUS LES PRODUITS","item":"https:\/\/www.fareled.com\/index.php\/tous-les-produits\/"},{"@type":"ListItem","position":3,"name":"Projecteur MI-LIGHT 9W RGB+CCT IP66"}]},{"@type":"WebSite","@id":"https:\/\/www.fareled.com\/#website","url":"https:\/\/www.fareled.com\/","name":"FARE LED","description":"Sp\u00e9cialiste de l&#039;\u00e9clairage LED en Polyn\u00e9sie fran\u00e7aise","publisher":{"@id":"https:\/\/www.fareled.com\/#organization"},"potentialAction":[{"@type":"SearchAction","target":{"@type":"EntryPoint","urlTemplate":"https:\/\/www.fareled.com\/?s={search_term_string}"},"query-input":{"@type":"PropertyValueSpecification","valueRequired":true,"valueName":"search_term_string"}}],"inLanguage":"fr-FR"},{"@type":"Organization","@id":"https:\/\/www.fareled.com\/#organization","name":"FARE LED","url":"https:\/\/www.fareled.com\/","logo":{"@type":"ImageObject","inLanguage":"fr-FR","@id":"https:\/\/www.fareled.com\/#\/schema\/logo\/image\/","url":"https:\/\/fareled.mori-mana.com\/wp-content\/uploads\/2024\/10\/cropped-FareLED-Logo105-29-13-25-40.png","contentUrl":"https:\/\/fareled.mori-mana.com\/wp-content\/uploads\/2024\/10\/cropped-FareLED-Logo105-29-13-25-40.png","width":512,"height":512,"caption":"FARE LED"},"image":{"@id":"https:\/\/www.fareled.com\/#\/schema\/logo\/image\/"},"sameAs":["https:\/\/www.facebook.com\/fareledtahiti"]}]}},"jetpack_sharing_enabled":true,"_links":{"self":[{"href":"https:\/\/www.fareled.com\/index.php\/wp-json\/wp\/v2\/product\/3807","targetHints":{"allow":["GET"]}}],"collection":[{"href":"https:\/\/www.fareled.com\/index.php\/wp-json\/wp\/v2\/product"}],"about":[{"href":"https:\/\/www.fareled.com\/index.php\/wp-json\/wp\/v2\/types\/product"}],"wp:featuredmedia":[{"embeddable":true,"href":"https:\/\/www.fareled.com\/index.php\/wp-json\/wp\/v2\/media\/6095"}],"wp:attachment":[{"href":"https:\/\/www.fareled.com\/index.php\/wp-json\/wp\/v2\/media?parent=3807"}],"wp:term":[{"taxonomy":"product_brand","embeddable":true,"href":"https:\/\/www.fareled.com\/index.php\/wp-json\/wp\/v2\/product_brand?post=3807"},{"taxonomy":"product_cat","embeddable":true,"href":"https:\/\/www.fareled.com\/index.php\/wp-json\/wp\/v2\/product_cat?post=3807"},{"taxonomy":"product_tag","embeddable":true,"href":"https:\/\/www.fareled.com\/index.php\/wp-json\/wp\/v2\/product_tag?post=3807"}],"curies":[{"name":"wp","href":"https:\/\/api.w.org\/{rel}","templated":true}]}}