{"id":8198,"date":"2025-10-08T07:18:43","date_gmt":"2025-10-08T17:18:43","guid":{"rendered":"https:\/\/www.fareled.com\/?post_type=product&#038;p=8198"},"modified":"2025-10-08T07:25:07","modified_gmt":"2025-10-08T17:25:07","slug":"applique-murale","status":"publish","type":"product","link":"https:\/\/www.fareled.com\/index.php\/produit\/applique-murale\/","title":{"rendered":"Applique murale en tissu et m\u00e9tal dor\u00e9 \u2013 Douille E27"},"content":{"rendered":"<p data-start=\"612\" data-end=\"924\">Cette \u00e9l\u00e9gante applique murale associe la chaleur du tissu \u00e0 la brillance du m\u00e9tal dor\u00e9 pour un \u00e9clairage \u00e0 la fois doux et raffin\u00e9. Gr\u00e2ce \u00e0 son design intemporel, elle s\u2019int\u00e8gre parfaitement dans les int\u00e9rieurs classiques ou contemporains \u2014 id\u00e9ale pour une chambre, un salon ou un couloir.<\/p>\n<p data-start=\"926\" data-end=\"1056\">Compatible avec toutes les ampoules \u00e0 douille <strong data-start=\"972\" data-end=\"979\">E27<\/strong>, elle offre un \u00e9clairage homog\u00e8ne sur <strong data-start=\"1018\" data-end=\"1026\">330\u00b0<\/strong> et une installation simple.<\/p>\n<p data-start=\"1058\" data-end=\"1131\">Disponible avec plusieurs teintes d\u2019abat-jour : <strong data-start=\"1106\" data-end=\"1131\">blanc, lin ou caf\u00e9.<\/strong><\/p>\n","protected":false},"excerpt":{"rendered":"<p data-start=\"257\" data-end=\"292\"><strong data-start=\"257\" data-end=\"290\">Caract\u00e9ristiques techniques :<\/strong><\/p>\n<ul data-start=\"293\" data-end=\"605\">\n<li data-start=\"293\" data-end=\"322\">\n<p data-start=\"295\" data-end=\"322\"><strong data-start=\"295\" data-end=\"316\">Type de douille :<\/strong> E27<\/p>\n<\/li>\n<li data-start=\"323\" data-end=\"362\">\n<p data-start=\"325\" data-end=\"362\"><strong data-start=\"325\" data-end=\"338\">Tension :<\/strong> AC 85\u2013265 V, 50\/60 Hz<\/p>\n<\/li>\n<li data-start=\"363\" data-end=\"395\">\n<p data-start=\"365\" data-end=\"395\"><strong data-start=\"365\" data-end=\"388\">Angle d\u2019\u00e9clairage :<\/strong> 330\u00b0<\/p>\n<\/li>\n<li data-start=\"396\" data-end=\"466\">\n<p data-start=\"398\" data-end=\"466\"><strong data-start=\"398\" data-end=\"424\">Indice de protection :<\/strong> IP44 (prot\u00e9g\u00e9 contre les \u00e9claboussures)<\/p>\n<\/li>\n<li data-start=\"504\" data-end=\"546\">\n<p data-start=\"506\" data-end=\"546\"><strong data-start=\"506\" data-end=\"522\">Dimensions :<\/strong> \u00d8170 mm \u00d7 H230\u2013250 mm<\/p>\n<\/li>\n<li data-start=\"547\" data-end=\"570\">\n<p data-start=\"549\" data-end=\"570\"><strong data-start=\"549\" data-end=\"563\">Finition :<\/strong> Dor\u00e9<\/p>\n<\/li>\n<li data-start=\"571\" data-end=\"605\">\n<p data-start=\"573\" data-end=\"605\"><strong data-start=\"573\" data-end=\"588\">Mat\u00e9riaux :<\/strong> Acier et tissu<\/p>\n<\/li>\n<\/ul>\n","protected":false},"featured_media":8208,"template":"","meta":{"_eb_attr":"","ocean_post_layout":"","ocean_both_sidebars_style":"","ocean_both_sidebars_content_width":0,"ocean_both_sidebars_sidebars_width":0,"ocean_sidebar":"0","ocean_second_sidebar":"0","ocean_disable_margins":"enable","ocean_add_body_class":"","ocean_shortcode_before_top_bar":"","ocean_shortcode_after_top_bar":"","ocean_shortcode_before_header":"","ocean_shortcode_after_header":"","ocean_has_shortcode":"","ocean_shortcode_after_title":"","ocean_shortcode_before_footer_widgets":"","ocean_shortcode_after_footer_widgets":"","ocean_shortcode_before_footer_bottom":"","ocean_shortcode_after_footer_bottom":"","ocean_display_top_bar":"default","ocean_display_header":"default","ocean_header_style":"","ocean_center_header_left_menu":"0","ocean_custom_header_template":"0","ocean_custom_logo":0,"ocean_custom_retina_logo":0,"ocean_custom_logo_max_width":0,"ocean_custom_logo_tablet_max_width":0,"ocean_custom_logo_mobile_max_width":0,"ocean_custom_logo_max_height":0,"ocean_custom_logo_tablet_max_height":0,"ocean_custom_logo_mobile_max_height":0,"ocean_header_custom_menu":"0","ocean_menu_typo_font_family":"0","ocean_menu_typo_font_subset":"","ocean_menu_typo_font_size":0,"ocean_menu_typo_font_size_tablet":0,"ocean_menu_typo_font_size_mobile":0,"ocean_menu_typo_font_size_unit":"px","ocean_menu_typo_font_weight":"","ocean_menu_typo_font_weight_tablet":"","ocean_menu_typo_font_weight_mobile":"","ocean_menu_typo_transform":"","ocean_menu_typo_transform_tablet":"","ocean_menu_typo_transform_mobile":"","ocean_menu_typo_line_height":0,"ocean_menu_typo_line_height_tablet":0,"ocean_menu_typo_line_height_mobile":0,"ocean_menu_typo_line_height_unit":"","ocean_menu_typo_spacing":0,"ocean_menu_typo_spacing_tablet":0,"ocean_menu_typo_spacing_mobile":0,"ocean_menu_typo_spacing_unit":"","ocean_menu_link_color":"","ocean_menu_link_color_hover":"","ocean_menu_link_color_active":"","ocean_menu_link_background":"","ocean_menu_link_hover_background":"","ocean_menu_link_active_background":"","ocean_menu_social_links_bg":"","ocean_menu_social_hover_links_bg":"","ocean_menu_social_links_color":"","ocean_menu_social_hover_links_color":"","ocean_disable_title":"default","ocean_disable_heading":"default","ocean_post_title":"","ocean_post_subheading":"","ocean_post_title_style":"","ocean_post_title_background_color":"","ocean_post_title_background":0,"ocean_post_title_bg_image_position":"","ocean_post_title_bg_image_attachment":"","ocean_post_title_bg_image_repeat":"","ocean_post_title_bg_image_size":"","ocean_post_title_height":0,"ocean_post_title_bg_overlay":0.5,"ocean_post_title_bg_overlay_color":"","ocean_disable_breadcrumbs":"default","ocean_breadcrumbs_color":"","ocean_breadcrumbs_separator_color":"","ocean_breadcrumbs_links_color":"","ocean_breadcrumbs_links_hover_color":"","ocean_display_footer_widgets":"default","ocean_display_footer_bottom":"default","ocean_custom_footer_template":"0"},"product_brand":[],"product_cat":[25,31],"product_tag":[],"class_list":{"0":"post-8198","1":"product","2":"type-product","3":"status-publish","4":"has-post-thumbnail","6":"product_cat-eclairage-interieur","7":"product_cat-murales","9":"entry","10":"has-media","12":"first","13":"instock","14":"taxable","15":"shipping-taxable","16":"purchasable","17":"product-type-variable","18":"col","19":"span_1_of_4","20":"owp-content-center","21":"owp-thumbs-layout-horizontal","22":"owp-btn-big","23":"owp-tabs-layout-horizontal","24":"has-no-thumbnails"},"yoast_head":"<!-- This site is optimized with the Yoast SEO plugin v27.2 - https:\/\/yoast.com\/product\/yoast-seo-wordpress\/ -->\n<title>Applique murale en tissu et m\u00e9tal dor\u00e9 \u2013 Douille E27 - FARE LED<\/title>\n<meta name=\"robots\" content=\"index, follow, max-snippet:-1, max-image-preview:large, max-video-preview:-1\" \/>\n<link rel=\"canonical\" href=\"https:\/\/www.fareled.com\/index.php\/produit\/applique-murale\/\" \/>\n<meta property=\"og:locale\" content=\"fr_FR\" \/>\n<meta property=\"og:type\" content=\"article\" \/>\n<meta property=\"og:title\" content=\"Applique murale en tissu et m\u00e9tal dor\u00e9 \u2013 Douille E27 - FARE LED\" \/>\n<meta property=\"og:description\" content=\"Caract\u00e9ristiques techniques :     Type de douille : E27    Tension : AC 85\u2013265 V, 50\/60 Hz    Angle d\u2019\u00e9clairage : 330\u00b0    Indice de protection : IP44 (prot\u00e9g\u00e9 contre les \u00e9claboussures)    Dimensions : \u00d8170 mm \u00d7 H230\u2013250 mm    Finition : Dor\u00e9    Mat\u00e9riaux : Acier et tissu\" \/>\n<meta property=\"og:url\" content=\"https:\/\/www.fareled.com\/index.php\/produit\/applique-murale\/\" \/>\n<meta property=\"og:site_name\" content=\"FARE LED\" \/>\n<meta property=\"article:publisher\" content=\"https:\/\/www.facebook.com\/fareledtahiti\" \/>\n<meta property=\"article:modified_time\" content=\"2025-10-08T17:25:07+00:00\" \/>\n<meta property=\"og:image\" content=\"https:\/\/www.fareled.com\/wp-content\/uploads\/2025\/10\/Appliques-murales-Tissus.png\" \/>\n\t<meta property=\"og:image:width\" content=\"250\" \/>\n\t<meta property=\"og:image:height\" content=\"250\" \/>\n\t<meta property=\"og:image:type\" content=\"image\/png\" \/>\n<meta name=\"twitter:card\" content=\"summary_large_image\" \/>\n<meta name=\"twitter:label1\" content=\"Dur\u00e9e de lecture estim\u00e9e\" \/>\n\t<meta name=\"twitter:data1\" content=\"1 minute\" \/>\n<script type=\"application\/ld+json\" class=\"yoast-schema-graph\">{\"@context\":\"https:\/\/schema.org\",\"@graph\":[{\"@type\":\"WebPage\",\"@id\":\"https:\/\/www.fareled.com\/index.php\/produit\/applique-murale\/\",\"url\":\"https:\/\/www.fareled.com\/index.php\/produit\/applique-murale\/\",\"name\":\"Applique murale en tissu et m\u00e9tal dor\u00e9 \u2013 Douille E27 - FARE LED\",\"isPartOf\":{\"@id\":\"https:\/\/www.fareled.com\/#website\"},\"primaryImageOfPage\":{\"@id\":\"https:\/\/www.fareled.com\/index.php\/produit\/applique-murale\/#primaryimage\"},\"image\":{\"@id\":\"https:\/\/www.fareled.com\/index.php\/produit\/applique-murale\/#primaryimage\"},\"thumbnailUrl\":\"https:\/\/www.fareled.com\/wp-content\/uploads\/2025\/10\/Appliques-murales-Tissus.png\",\"datePublished\":\"2025-10-08T17:18:43+00:00\",\"dateModified\":\"2025-10-08T17:25:07+00:00\",\"breadcrumb\":{\"@id\":\"https:\/\/www.fareled.com\/index.php\/produit\/applique-murale\/#breadcrumb\"},\"inLanguage\":\"fr-FR\",\"potentialAction\":[{\"@type\":\"ReadAction\",\"target\":[\"https:\/\/www.fareled.com\/index.php\/produit\/applique-murale\/\"]}]},{\"@type\":\"ImageObject\",\"inLanguage\":\"fr-FR\",\"@id\":\"https:\/\/www.fareled.com\/index.php\/produit\/applique-murale\/#primaryimage\",\"url\":\"https:\/\/www.fareled.com\/wp-content\/uploads\/2025\/10\/Appliques-murales-Tissus.png\",\"contentUrl\":\"https:\/\/www.fareled.com\/wp-content\/uploads\/2025\/10\/Appliques-murales-Tissus.png\",\"width\":250,\"height\":250},{\"@type\":\"BreadcrumbList\",\"@id\":\"https:\/\/www.fareled.com\/index.php\/produit\/applique-murale\/#breadcrumb\",\"itemListElement\":[{\"@type\":\"ListItem\",\"position\":1,\"name\":\"Accueil\",\"item\":\"https:\/\/www.fareled.com\/\"},{\"@type\":\"ListItem\",\"position\":2,\"name\":\"TOUS LES PRODUITS\",\"item\":\"https:\/\/www.fareled.com\/index.php\/tous-les-produits\/\"},{\"@type\":\"ListItem\",\"position\":3,\"name\":\"Applique murale en tissu et m\u00e9tal dor\u00e9 \u2013 Douille E27\"}]},{\"@type\":\"WebSite\",\"@id\":\"https:\/\/www.fareled.com\/#website\",\"url\":\"https:\/\/www.fareled.com\/\",\"name\":\"FARE LED\",\"description\":\"Sp\u00e9cialiste de l&#039;\u00e9clairage LED en Polyn\u00e9sie fran\u00e7aise\",\"publisher\":{\"@id\":\"https:\/\/www.fareled.com\/#organization\"},\"potentialAction\":[{\"@type\":\"SearchAction\",\"target\":{\"@type\":\"EntryPoint\",\"urlTemplate\":\"https:\/\/www.fareled.com\/?s={search_term_string}\"},\"query-input\":{\"@type\":\"PropertyValueSpecification\",\"valueRequired\":true,\"valueName\":\"search_term_string\"}}],\"inLanguage\":\"fr-FR\"},{\"@type\":\"Organization\",\"@id\":\"https:\/\/www.fareled.com\/#organization\",\"name\":\"FARE LED\",\"url\":\"https:\/\/www.fareled.com\/\",\"logo\":{\"@type\":\"ImageObject\",\"inLanguage\":\"fr-FR\",\"@id\":\"https:\/\/www.fareled.com\/#\/schema\/logo\/image\/\",\"url\":\"https:\/\/fareled.mori-mana.com\/wp-content\/uploads\/2024\/10\/cropped-FareLED-Logo105-29-13-25-40.png\",\"contentUrl\":\"https:\/\/fareled.mori-mana.com\/wp-content\/uploads\/2024\/10\/cropped-FareLED-Logo105-29-13-25-40.png\",\"width\":512,\"height\":512,\"caption\":\"FARE LED\"},\"image\":{\"@id\":\"https:\/\/www.fareled.com\/#\/schema\/logo\/image\/\"},\"sameAs\":[\"https:\/\/www.facebook.com\/fareledtahiti\"]}]}<\/script>\n<!-- \/ Yoast SEO plugin. -->","yoast_head_json":{"title":"Applique murale en tissu et m\u00e9tal dor\u00e9 \u2013 Douille E27 - FARE LED","robots":{"index":"index","follow":"follow","max-snippet":"max-snippet:-1","max-image-preview":"max-image-preview:large","max-video-preview":"max-video-preview:-1"},"canonical":"https:\/\/www.fareled.com\/index.php\/produit\/applique-murale\/","og_locale":"fr_FR","og_type":"article","og_title":"Applique murale en tissu et m\u00e9tal dor\u00e9 \u2013 Douille E27 - FARE LED","og_description":"Caract\u00e9ristiques techniques :     Type de douille : E27    Tension : AC 85\u2013265 V, 50\/60 Hz    Angle d\u2019\u00e9clairage : 330\u00b0    Indice de protection : IP44 (prot\u00e9g\u00e9 contre les \u00e9claboussures)    Dimensions : \u00d8170 mm \u00d7 H230\u2013250 mm    Finition : Dor\u00e9    Mat\u00e9riaux : Acier et tissu","og_url":"https:\/\/www.fareled.com\/index.php\/produit\/applique-murale\/","og_site_name":"FARE LED","article_publisher":"https:\/\/www.facebook.com\/fareledtahiti","article_modified_time":"2025-10-08T17:25:07+00:00","og_image":[{"width":250,"height":250,"url":"https:\/\/www.fareled.com\/wp-content\/uploads\/2025\/10\/Appliques-murales-Tissus.png","type":"image\/png"}],"twitter_card":"summary_large_image","twitter_misc":{"Dur\u00e9e de lecture estim\u00e9e":"1 minute"},"schema":{"@context":"https:\/\/schema.org","@graph":[{"@type":"WebPage","@id":"https:\/\/www.fareled.com\/index.php\/produit\/applique-murale\/","url":"https:\/\/www.fareled.com\/index.php\/produit\/applique-murale\/","name":"Applique murale en tissu et m\u00e9tal dor\u00e9 \u2013 Douille E27 - FARE LED","isPartOf":{"@id":"https:\/\/www.fareled.com\/#website"},"primaryImageOfPage":{"@id":"https:\/\/www.fareled.com\/index.php\/produit\/applique-murale\/#primaryimage"},"image":{"@id":"https:\/\/www.fareled.com\/index.php\/produit\/applique-murale\/#primaryimage"},"thumbnailUrl":"https:\/\/www.fareled.com\/wp-content\/uploads\/2025\/10\/Appliques-murales-Tissus.png","datePublished":"2025-10-08T17:18:43+00:00","dateModified":"2025-10-08T17:25:07+00:00","breadcrumb":{"@id":"https:\/\/www.fareled.com\/index.php\/produit\/applique-murale\/#breadcrumb"},"inLanguage":"fr-FR","potentialAction":[{"@type":"ReadAction","target":["https:\/\/www.fareled.com\/index.php\/produit\/applique-murale\/"]}]},{"@type":"ImageObject","inLanguage":"fr-FR","@id":"https:\/\/www.fareled.com\/index.php\/produit\/applique-murale\/#primaryimage","url":"https:\/\/www.fareled.com\/wp-content\/uploads\/2025\/10\/Appliques-murales-Tissus.png","contentUrl":"https:\/\/www.fareled.com\/wp-content\/uploads\/2025\/10\/Appliques-murales-Tissus.png","width":250,"height":250},{"@type":"BreadcrumbList","@id":"https:\/\/www.fareled.com\/index.php\/produit\/applique-murale\/#breadcrumb","itemListElement":[{"@type":"ListItem","position":1,"name":"Accueil","item":"https:\/\/www.fareled.com\/"},{"@type":"ListItem","position":2,"name":"TOUS LES PRODUITS","item":"https:\/\/www.fareled.com\/index.php\/tous-les-produits\/"},{"@type":"ListItem","position":3,"name":"Applique murale en tissu et m\u00e9tal dor\u00e9 \u2013 Douille E27"}]},{"@type":"WebSite","@id":"https:\/\/www.fareled.com\/#website","url":"https:\/\/www.fareled.com\/","name":"FARE LED","description":"Sp\u00e9cialiste de l&#039;\u00e9clairage LED en Polyn\u00e9sie fran\u00e7aise","publisher":{"@id":"https:\/\/www.fareled.com\/#organization"},"potentialAction":[{"@type":"SearchAction","target":{"@type":"EntryPoint","urlTemplate":"https:\/\/www.fareled.com\/?s={search_term_string}"},"query-input":{"@type":"PropertyValueSpecification","valueRequired":true,"valueName":"search_term_string"}}],"inLanguage":"fr-FR"},{"@type":"Organization","@id":"https:\/\/www.fareled.com\/#organization","name":"FARE LED","url":"https:\/\/www.fareled.com\/","logo":{"@type":"ImageObject","inLanguage":"fr-FR","@id":"https:\/\/www.fareled.com\/#\/schema\/logo\/image\/","url":"https:\/\/fareled.mori-mana.com\/wp-content\/uploads\/2024\/10\/cropped-FareLED-Logo105-29-13-25-40.png","contentUrl":"https:\/\/fareled.mori-mana.com\/wp-content\/uploads\/2024\/10\/cropped-FareLED-Logo105-29-13-25-40.png","width":512,"height":512,"caption":"FARE LED"},"image":{"@id":"https:\/\/www.fareled.com\/#\/schema\/logo\/image\/"},"sameAs":["https:\/\/www.facebook.com\/fareledtahiti"]}]}},"jetpack_sharing_enabled":true,"_links":{"self":[{"href":"https:\/\/www.fareled.com\/index.php\/wp-json\/wp\/v2\/product\/8198","targetHints":{"allow":["GET"]}}],"collection":[{"href":"https:\/\/www.fareled.com\/index.php\/wp-json\/wp\/v2\/product"}],"about":[{"href":"https:\/\/www.fareled.com\/index.php\/wp-json\/wp\/v2\/types\/product"}],"wp:featuredmedia":[{"embeddable":true,"href":"https:\/\/www.fareled.com\/index.php\/wp-json\/wp\/v2\/media\/8208"}],"wp:attachment":[{"href":"https:\/\/www.fareled.com\/index.php\/wp-json\/wp\/v2\/media?parent=8198"}],"wp:term":[{"taxonomy":"product_brand","embeddable":true,"href":"https:\/\/www.fareled.com\/index.php\/wp-json\/wp\/v2\/product_brand?post=8198"},{"taxonomy":"product_cat","embeddable":true,"href":"https:\/\/www.fareled.com\/index.php\/wp-json\/wp\/v2\/product_cat?post=8198"},{"taxonomy":"product_tag","embeddable":true,"href":"https:\/\/www.fareled.com\/index.php\/wp-json\/wp\/v2\/product_tag?post=8198"}],"curies":[{"name":"wp","href":"https:\/\/api.w.org\/{rel}","templated":true}]}}